{"id":1664,"date":"2013-03-23T19:39:23","date_gmt":"2013-03-23T17:39:23","guid":{"rendered":"http:\/\/www.mnkystudio.com\/theme-10\/?page_id=1664"},"modified":"2021-09-05T07:31:58","modified_gmt":"2021-09-05T05:31:58","slug":"our-team","status":"publish","type":"page","link":"https:\/\/kettibuenoferrer.dk\/?page_id=1664","title":{"rendered":"THE STORY OF KETTI."},"content":{"rendered":"<p>&nbsp;<\/p>\n<p><b><a href=\"http:\/\/kettibuenoferrer.dk\/wp-content\/uploads\/2013\/03\/KETTIS_CV_TOP_fotos.jpg\"><img loading=\"lazy\" decoding=\"async\" class=\"aligncenter size-full wp-image-4344\" src=\"http:\/\/kettibuenoferrer.dk\/wp-content\/uploads\/2013\/03\/KETTIS_CV_TOP_fotos.jpg\" alt=\"KETTIS_CV_TOP_fotos\" width=\"1000\" height=\"532\" srcset=\"https:\/\/kettibuenoferrer.dk\/wp-content\/uploads\/2013\/03\/KETTIS_CV_TOP_fotos.jpg 1000w, https:\/\/kettibuenoferrer.dk\/wp-content\/uploads\/2013\/03\/KETTIS_CV_TOP_fotos-300x159.jpg 300w\" sizes=\"auto, (max-width: 1000px) 100vw, 1000px\" \/><\/a><\/b><\/p>\n<p><strong>THE STORY OF KETTI<\/strong><\/p>\n<p>Mit navn Ketti Bueno Ferrer, jeg er uddannet skuespiller og instrukt\u00f8r\u00a0 i ind og udland og var i en \u00e5rr\u00e6kke leder af teaterskolen Center of performing Arts, midt i K\u00f8benhavn og var ogs\u00e5 dybt involverede i overtagelse af R\u00f8dkilde H\u00f8jskole p\u00e5 M\u00f8n, og de f\u00f8rste sp\u00e6de spadestik til det der i dag er Teaterh\u00f8jskolen R\u00f8dkilde.\u00a0 I kraft af mit job var jeg en aktiv del af det danske kultur og medieliv og ikke mindst det kreative milj\u00f8.<\/p>\n<p>I slutningen af 90&#8217;erne sagde jeg mit job op p\u00e5 teaterskolen, blev skilt fra min vidunderlige hollandske mand og flyttede til Havana i Cuba for at studerer og videreuddanne mig i de cubanske danse, i kulturen, spiritualiteten, musikken og i hele den dyrkelse og hyldest af kvinden og manden som cubanerne er s\u00e5 hjemmevante i og som jeg i dag er expert i. For gennem de sidste + 21 \u00e5r har jeg vel tr\u00e6net et par tusind kvinder og m\u00e6nd om \u00e5ret, i at v\u00e6re og ejer deres kvindelighed og maskulinitet og havde en FEST med det og ogs\u00e5 en FEST med den tiltr\u00e6kningskraft og power der findes i at hvile i sit k\u00f8n, v\u00e6re hjemme i sig selv.<\/p>\n<p>Salsa Vida blev f\u00f8dt nyt\u00e5rsnat i Havana \u00e5r 2000, under en tropisk himmel til lyden af hellige trommer, duften af helstegt pattegris og en skratten ghettoblaster med salsamusik. Jeg var lige blevet renset af min cubanske svigermor i et bad fuld af hvide blomster, tobakken fra en cigar, lidt blod fra en h\u00f8ne og masser af parfume og kalk. Og s\u00e5 fik jeg et klarsyn s\u00e5 st\u00e6rkt. Jeg skulle skabe en bev\u00e6gelse, med r\u00f8dder helt tilbage til det afrocubanske, men bruge salsaen som det der bandt os sammen. Jeg skulle forbinde, connecte mennesker, kvinder og m\u00e6nd, b\u00f8rn og voksne, alle aldre, alle hudfarver, religioner og fra alle sociale lag.<\/p>\n<p>Jeg skulle ikke tilbage p\u00e5 teaterscenen, jeg skulle ned p\u00e5 gulvet, ud p\u00e5 gaden, ind i tr\u00e6ningsrummet, hen p\u00e5 folks arbejdspladser. F\u00e5 deres familier og g\u00e6ster til at forbinde sig og danse sammen til bryllupper, f\u00f8dselsdage og m\u00e6rkedage. Jeg skulle bruge salsaen og spiritualiteten og visdommen om kvinden og manden til at skabe lyst og gl\u00e6de og anerkendende kommunikation mellem mennesker. Jeg skulle skabe rum, hvor de kunne m\u00f8de hinanden, virkelig m\u00f8de hinanden.\u00a0 Det arbejde tog for alvor fat i Danmark i 2002, da jeg s\u00e5 sm\u00e5t vendte hjem og Salsa Vida fik sit CVR nummer her.<\/p>\n<p>I Danmark byggede jeg base i det hjem, i de saloner oppe under taget, i starten af Amagerbrogade, og vi d\u00f8bte det &#8220;Havana p\u00e5 Amager&#8221;.\u00a0 Alt blev samlede her. Og det m\u00e6rkes og ses n\u00e5r man bes\u00f8ger Havana p\u00e5 Amager.<\/p>\n<p>Og selvom at jeg slog r\u00f8dder i Danmark igen, s\u00e5 fyldte rejserne stadigv\u00e6k meget, b\u00e5de de korte og dem af l\u00e6ngere varighed. Og en stor del af mit virke blev at lave danse og kulturrejser til Barbados og selvf\u00f8lig til Cuba og Spanien, ja en masse andre lande og storbyer.<\/p>\n<p>Afrika, \u00e5h k\u00e6re Afrika er et kontinent hvor jeg har rejst meget. Og Afrika betyder en verden til forskel for mig i\u00a0 forhold til at komme hjem\u00a0 til &#8220;the Motherland&#8221; og forst\u00e5 hvor det hele startede, n\u00e5r man taler om den afrocubanske kultur og spiritualitet. Og det samme gjorde mine rejser til Dominican Rep, Saint Martin, Isla Guadalupe og kulturen fra Haiti.<\/p>\n<p>Alle disse steder uddannede mig, formede mig og l\u00e6rte mig om det at SE. Alts\u00e5 at bruge mit klarsyn, samt at helbrede, heale mennesker, grupper, familier, arbejdspladser og hjem. En af mine afrocubanske master, en kvinde sagde: Nu er du klar til at rejse hjem og blive sex og samlivs tante for dit folk. Hun l\u00e6rte mig om det s\u00e6rlige sisterhood mellem kvinder, hvilke jeg elsker at undervise kvinder i, n\u00e5r de booker mig til deres veninde aftener og polterabend og kvindesaloner, s\u00e5 uddanner jeg dem som sex tanter;-)<\/p>\n<p>Mit arbejde med Salsa Vida, fik hurtigt en del medieopm\u00e6rksomhed, med masser af artikler og omtale i aviser, ugeblade, radioudsendelser, podcast og TV. Og i 2009 udkom min bog &#8220;En kvindes guide til at Nyde livet&#8221;. Det var Mette Holb\u00e6k der havde f\u00e5et \u00f8je p\u00e5 mig og fik arrangerede en forlagskontrakt til Pretty Inkl\/Rosinante og Co.<\/p>\n<div class=\"o9v6fnle cxmmr5t8 oygrvhab hcukyx3x c1et5uql ii04i59q\">\n<div dir=\"auto\">Sidel\u00f8bende med Salsa Vidas salsaskole, Havana p\u00e5 Amager, forfatterskabet, rejserne, foredrag, medieoptr\u00e6den og alle de sm\u00e5 og store salsa fester og koncerter. S\u00e5 hyrede erhvervslivet mig ogs\u00e5 tit som extern konsulent til at tr\u00e6ne og uddannede leder og medarbejder i anerkende kommunikation, teambuilding, kropssprog og performancetr\u00e6ning, b\u00e5de til enkeltpersoner, grupper og teams. Samt til at lave deres firmafester og events.<\/div>\n<\/div>\n<div class=\"o9v6fnle cxmmr5t8 oygrvhab hcukyx3x c1et5uql ii04i59q\">\n<div dir=\"auto\"><\/div>\n<div dir=\"auto\">Jeg er uddannet clairvoyant r\u00e5dgiver hos Flemming Bille i Danmark. Under Billes vinger bliver jeg endnu dygtigere til den del af mit virke der handler om clairvoyance og r\u00e5dgivning i Danmark. Og fordi jeg er uddannet fra den verden jeg er uddannet, s\u00e5 s\u00e6tter jeg den kropslig indgangsvinkel p\u00e5 mit arbejde med clairvoyance og r\u00e5dgivning og selvf\u00f8lig den spiritualitet jeg er dannet af fra Cuba, Afrika, Dominican Rep, Haiti, Barbados og Brasilien.<\/div>\n<\/div>\n<div class=\"o9v6fnle cxmmr5t8 oygrvhab hcukyx3x c1et5uql ii04i59q\">\n<div dir=\"auto\"><\/div>\n<div dir=\"auto\">S\u00e5 min hverdag som den ser ud lige nu halvvejs gennem 2021, er undervisning p\u00e5 min salsaskole Salsa Vida. Elever og klienter og Social Dinner and Meeting, til tider intime koncerter i Havana p\u00e5 Amager eller i koncerthuse og Social Salsa Fester. Lederudvikling for erhvervslivet. Livsnydere rejser til \u00c6r\u00f8 og n\u00e5r verden \u00e5bner op igen s\u00e5 rejser vi ud i verden igen med alt det her og kommer hjem med meget mere af alt det her.<\/div>\n<\/div>\n<p>&nbsp;<\/p>\n<p>Beso<\/p>\n<div class=\"\" data-block=\"true\" data-editor=\"91ncd\" data-offset-key=\"aq7f-0-0\">\n<div class=\"_1mf _1mj\" data-offset-key=\"aq7f-0-0\"><span class=\"diy96o5h\" spellcheck=\"false\" data-offset-key=\"aq7f-0-0\"><span data-offset-key=\"aq7f-0-0\">Ketti Bueno Ferrer<\/span><\/span><\/div>\n<\/div>\n<div class=\"\" data-block=\"true\" data-editor=\"91ncd\" data-offset-key=\"1i11q-0-0\">\n<div class=\"_1mf _1mj\" data-offset-key=\"1i11q-0-0\"><span data-offset-key=\"1i11q-0-0\">\u00a0<\/span><\/div>\n<\/div>\n<div class=\"\" data-block=\"true\" data-editor=\"91ncd\" data-offset-key=\"5e61d-0-0\">\n<div class=\"_1mf _1mj\" data-offset-key=\"5e61d-0-0\"><span data-offset-key=\"5e61d-0-0\">\ud83c\udde9\ud83c\uddf0\u2665\ufe0f \ud83c\udde8\ud83c\uddfa Salsa Vida \u2013 meget mere end blot en salsa. <\/span><span class=\"py34i1dx\"><span data-offset-key=\"5e61d-1-0\">www.salsavida.dk<\/span><\/span><span data-offset-key=\"5e61d-2-0\"> &#8211; du kan tilmelde dig et eller flere hold p\u00e5 vores on-lineshop p\u00e5 sitet.<\/span><\/div>\n<\/div>\n<div class=\"\" data-block=\"true\" data-editor=\"91ncd\" data-offset-key=\"3368o-0-0\">\n<div class=\"_1mf _1mj\" data-offset-key=\"3368o-0-0\"><span data-offset-key=\"3368o-0-0\">\u00a0<\/span><\/div>\n<\/div>\n<div class=\"\" data-block=\"true\" data-editor=\"91ncd\" data-offset-key=\"8fldj-0-0\">\n<div class=\"_1mf _1mj\" data-offset-key=\"8fldj-0-0\"><span data-offset-key=\"8fldj-0-0\">\ud83c\udde9\ud83c\uddf0\u2665\ufe0f \ud83c\udde8\ud83c\uddfa Havana p\u00e5 Amager \u2013 hvor magien slippes l\u00f8s. <\/span><span class=\"py34i1dx\"><span data-offset-key=\"8fldj-1-0\">www.salsavida.dk<\/span><\/span><span data-offset-key=\"8fldj-2-0\"> &#8211; du kan booker dato\/tid og betale med det samme i vores bookningssystem, for alt vi tilbyder i Havana p\u00e5 Amager<\/span><\/div>\n<\/div>\n<p><b><i>De fire vigtigste nedslag\/perioder i mit liv, og som beskriver mine kompetencer bedst, er:<\/i><\/b><\/p>\n<p><b>1993 \u2013 2000 Kunstnerisk leder af Center for the Performing Arts Dramaskolen<\/b><\/p>\n<p>Som kunstnerisk leder af Centre for the Performing Arts Dramaskolen holdt jeg sammen p\u00e5 tropperne med 30 l\u00e6rere fra hele verden, personale, 300 elever, undervisning, projekter og teaterproduktioner i ind- og udland. N\u00e5 ja, og s\u00e5 greb jeg de fire hundrede bolde, jeg konstant sendte op i luften. Samtidig med, at jeg plejede og udviklede mit personale, s\u00e5 skolen under mine vinger udviklede sig til nordens st\u00f8rste skuespillerskole.<\/p>\n<p><b>2000 \u2013 Salsa Vida og Havana p\u00e5 Amager<\/b><\/p>\n<p>I 1998 rejste jeg til Cuba for at videreuddanne mig og bo i en periode. Her fandt jeg en ny og meget overraskende m\u00e5de at \u2019se og leve livet p\u00e5\u2019. Cubanerne kan noget. De ved hvordan der skabes kontakt. De ved hvor v\u00e6rdigheden og stoltheden over d\u00e9t de ejer, familien, sl\u00e6gten eller byen sidder, og de ved hvordan man viser den. De g\u00e5r \u2013 p\u00e5 trods af fattigdom, sm\u00e5 k\u00e5r eller voldsomme begivenheder \u2013 til livet med en lyst og en nydelse, som vi godt kunne l\u00e6re noget af. Denne livsgl\u00e6de og de kulturelle v\u00e6rdier har jeg omsat og oversat i min nuv\u00e6rende virksomhed, b\u00e5de p\u00e5 min danseskole, Salsa Vida og i mine kurser for erhvervslivet \u2013 ligesom jeg b\u00e6rer kompetencerne med mig i stort set alt, hvad jeg foretager mig.<\/p>\n<p><b>2001 \u2013 Personlig udvikling, forandringsprocesser og teambuilding for erhvervslivets ledere og medarbejdere<\/b><\/p>\n<p>Mine erfaringer og viden fra Dramaskolen og skuespillerfaget kombineret med mine mange \u00e5r med den Latinamerikanske\/Cubanske kultur bruger jeg, n\u00e5r jeg underviser ledere og medarbejdere. I at tr\u00e6de i karakter, i at blive bedre til at g\u00e5 forrest, at blive bedre sammen, at forandre sig \u2013 som person, medarbejder og virksomhed \u2013 i at turde udvikle sig. Kort sagt jeg kan byde p\u00e5 de kropslige, oplevelsesm\u00e6ttede, hum\u00f8rfyldte og tr\u00e6ningsbaserede pointer i et udviklingsforl\u00f8b, hvad enten der er tale om st\u00f8rre organisationsprojekter med mange deltager eller der er tale om et personligt \u00f8nske\/behov for at g\u00f8re noget \u2019lidt andet\u2019 i hverdagen og dermed blive en mere n\u00e6rv\u00e6rende leder.<\/p>\n<p><b>2009 \u2013 Fast konsulent hos Beyond Leadership<\/b><\/p>\n<p>Hos Beyond Leadership underviser jeg i autentisk lederskab. Hvordan m\u00e6rker du dig selv, s\u00e5 dine medarbejdere kan m\u00e6rke dig. \u00a0Hvordan du kommer ud over rampen med dine projekter vel at m\u00e6rke sammen med dine medarbejdere.<\/p>\n<p>Her bruger jeg l\u00f8s af mine mange erfaringer fra blandt andet teaterets verden, hvor jeg som uddannet skuespiller har spillet p\u00e5 scener i b\u00e5de ind- og udland, undervist, instrueret og sparket et hav af projekter af sted inden for teateret og skuespillets magiske og udfordrende univers. Konceptet til den Europ\u00e6iske Teaterskole (R\u00f8dkilde H\u00f8jskole) (1990 \u2013 2000), Dramatisk v\u00e6rksted (1993 \u2013 1999), en skuespiluddannelse p\u00e5 B\u00e5dhusteateret (1990 \u2013 1993) blandt meget andet.<\/p>\n<p><b><i>Kunderne siger:<\/i><\/b><\/p>\n<p><b>Rie Snekkerup<\/b><\/p>\n<p><b>Studiechef p\u00e5 Copenhagen Business School:<\/b><\/p>\n<p>Forandringer og udvikling var overskriften p\u00e5 \u00e5rets seminar for studieadministrative medarbejder p\u00e5 CBS.<br \/>\nTo dage og et intensivt indhold med forandringsfort\u00e6llinger, fremtidsvisioner, teoretiske opl\u00e6g, og hvor Peter Bastian b\u00f8d p\u00e5 betragtninger fra sin nyeste bog \u201cMesterl\u00e6re \u2013 en livsfort\u00e6lling\u201d. Det meste var gymnastik for hovedet \u2013 tanker og refleksioner. Derfor var det en stor befrielse af f\u00e5 Ketti Bueno Ferrer p\u00e5 banen.<\/p>\n<p>Ketti kan f\u00e5 forandringer \u201cned i kroppen\u201d, hvilket er vigtigt hvis og n\u00e5r forandringer skal blive succesfulde. Ketti form\u00e5ede i l\u00f8bet af ganske kort tid at f\u00e5 de naturlige parader ned, at eliminere skepsis, at skabe livsgl\u00e6de og energi i en gruppe p\u00e5 130 personer. Og at f\u00e5 os til at f\u00f8le og m\u00e6rke os som en organisation, der arbejder mod et f\u00e6lles m\u00e5l. I en organisation med st\u00e6rk driftorientering, h\u00f8jt arbejdspres, og stort fokus p\u00e5 regler og offentlig forvaltning, er det netop en befrielse at opleve, de mange kr\u00e6fter der findes blandt medarbejdere og ledere og som kan \u201cslippes l\u00f8s\u201d med ganske f\u00e5 midler.<\/p>\n<p><b>Ole Henrik Jensen, IT- supporter hos Pricewaterhouse-Copers:<\/b><\/p>\n<p>Jeg havde ikke pr\u00f8vet salsa f\u00f8r og havde ikke s\u00e5 mange forventninger til det \u2013 ud over at det da nok skulle blive sjovt at pr\u00f8ve noget nyt. Stemningen forud for arrangementet var meget blandet, og nogle af mine kollegaer kunne slet ikke se sig selv deltage i den slags. Efter workshoppen har jeg t\u00e6nkt at jeg gerne vil have lidt flere af de cubanske kvaliteter ind i min hverdag. Jeg tror , den cubanske frigjorthed og afslappethed ville v\u00e6re et plus at f\u00e5 ind p\u00e5 arbejdspladsen. Hvis man er mere im\u00f8dekommende over for sine kollegaer, s\u00e5 er der nok mange ting, der vil g\u00e5 lidt lettere. Jeg vil i hvert fald selv pr\u00f8ve at huske p\u00e5 det i hverdagen fremover.<\/p>\n<p><b><i>Derudover har jeg l\u00f8st opgaver for:<\/i><\/b><\/p>\n<p>ARLA.\u00a0Bane Danmark.\u00a0CBS.\u00a0COWI.\u00a0Chr. Hansen.\u00a0Center for Ledelse.\u00a0Codan.\u00a0Danmark Livsforsikring.\u00a0Dansk Industri.\u00a0Det Kgl. Teater.\u00a0Deloitte.\u00a0DONG Energy.\u00a0FL Smith.\u00a0Kragerup Gods.\u00a0Kr\u00e6ftens Bek\u00e6mpelse.\u00a0KMD.\u00a0Dupex.\u00a0Haldor Tops\u00f8e.\u00a0DSB.\u00a0IBM.\u00a0Jobcenter.\u00a0Let Pension.\u00a0KIOL.\u00a0K\u00f8benhavns Kommune.\u00a0Lundbeck.\u00a0Leo Pharma. LEGO.\u00a0METROPOL.\u00a0NNE.\u00a0Novo Nordisk.\u00a0Novozymes.\u00a0Nordisk Film.\u00a0National Allergy Research Center.\u00a0Nordea. Dansk Design Center.\u00a0Roskilde Festival.\u00a0Roskilde K\u00f8ge Sygehus.\u00a0Selskabs og Erhvervsstyrelsen.\u00a0Slots- og Ejendomsstyrelsen.\u00a0SEAS NVE.\u00a0Symphogen.\u00a0TDC.\u00a0TV 3.\u00a0TERMA.\u00a0Top Danmark.\u00a0VEGA. Pharmaplan.\u00a0PriceWaterhouseCoopers.\u00a0\u00c5rhus Universitetshospital.\u00a0\u00c5sgaard Subsea Compression Project.<\/p>\n","protected":false},"excerpt":{"rendered":"<p>&nbsp; THE STORY OF KETTI Mit navn Ketti Bueno Ferrer, jeg er uddannet skuespiller og instrukt\u00f8r\u00a0 i ind og udland og var i en \u00e5rr\u00e6kke leder af teaterskolen Center of performing Arts, midt i K\u00f8benhavn og var ogs\u00e5 dybt involverede i overtagelse af R\u00f8dkilde H\u00f8jskole p\u00e5 M\u00f8n, og de f\u00f8rste sp\u00e6de spadestik til det der [&hellip;]<\/p>\n","protected":false},"author":1,"featured_media":0,"parent":0,"menu_order":0,"comment_status":"closed","ping_status":"closed","template":"","meta":{"footnotes":""},"class_list":["post-1664","page","type-page","status-publish","hentry"],"yoast_head":"<!-- This site is optimized with the Yoast SEO plugin v27.4 - https:\/\/yoast.com\/product\/yoast-seo-wordpress\/ -->\n<title>THE STORY OF KETTI. - Ketti Bueno Ferrer<\/title>\n<meta name=\"description\" content=\"&quot;The story of Ketti&quot;.\" \/>\n<meta name=\"robots\" content=\"index, follow, max-snippet:-1, max-image-preview:large, max-video-preview:-1\" \/>\n<link rel=\"canonical\" href=\"https:\/\/kettibuenoferrer.dk\/?page_id=1664\" \/>\n<meta property=\"og:locale\" content=\"da_DK\" \/>\n<meta property=\"og:type\" content=\"article\" \/>\n<meta property=\"og:title\" content=\"THE STORY OF KETTI. - Ketti Bueno Ferrer\" \/>\n<meta property=\"og:description\" content=\"&quot;The story of Ketti&quot;.\" \/>\n<meta property=\"og:url\" content=\"https:\/\/kettibuenoferrer.dk\/?page_id=1664\" \/>\n<meta property=\"og:site_name\" content=\"Ketti Bueno Ferrer\" \/>\n<meta property=\"article:modified_time\" content=\"2021-09-05T05:31:58+00:00\" \/>\n<meta property=\"og:image\" content=\"http:\/\/kettibuenoferrer.dk\/wp-content\/uploads\/2013\/03\/KETTIS_CV_TOP_fotos.jpg\" \/>\n<meta name=\"twitter:label1\" content=\"Estimeret l\u00e6setid\" \/>\n\t<meta name=\"twitter:data1\" content=\"9 minutter\" \/>\n<script type=\"application\/ld+json\" class=\"yoast-schema-graph\">{\"@context\":\"https:\\\/\\\/schema.org\",\"@graph\":[{\"@type\":\"WebPage\",\"@id\":\"https:\\\/\\\/kettibuenoferrer.dk\\\/?page_id=1664\",\"url\":\"https:\\\/\\\/kettibuenoferrer.dk\\\/?page_id=1664\",\"name\":\"THE STORY OF KETTI. - Ketti Bueno Ferrer\",\"isPartOf\":{\"@id\":\"https:\\\/\\\/kettibuenoferrer.dk\\\/#website\"},\"primaryImageOfPage\":{\"@id\":\"https:\\\/\\\/kettibuenoferrer.dk\\\/?page_id=1664#primaryimage\"},\"image\":{\"@id\":\"https:\\\/\\\/kettibuenoferrer.dk\\\/?page_id=1664#primaryimage\"},\"thumbnailUrl\":\"http:\\\/\\\/kettibuenoferrer.dk\\\/wp-content\\\/uploads\\\/2013\\\/03\\\/KETTIS_CV_TOP_fotos.jpg\",\"datePublished\":\"2013-03-23T17:39:23+00:00\",\"dateModified\":\"2021-09-05T05:31:58+00:00\",\"description\":\"\\\"The story of Ketti\\\".\",\"breadcrumb\":{\"@id\":\"https:\\\/\\\/kettibuenoferrer.dk\\\/?page_id=1664#breadcrumb\"},\"inLanguage\":\"da-DK\",\"potentialAction\":[{\"@type\":\"ReadAction\",\"target\":[\"https:\\\/\\\/kettibuenoferrer.dk\\\/?page_id=1664\"]}]},{\"@type\":\"ImageObject\",\"inLanguage\":\"da-DK\",\"@id\":\"https:\\\/\\\/kettibuenoferrer.dk\\\/?page_id=1664#primaryimage\",\"url\":\"https:\\\/\\\/kettibuenoferrer.dk\\\/wp-content\\\/uploads\\\/2013\\\/03\\\/KETTIS_CV_TOP_fotos.jpg\",\"contentUrl\":\"https:\\\/\\\/kettibuenoferrer.dk\\\/wp-content\\\/uploads\\\/2013\\\/03\\\/KETTIS_CV_TOP_fotos.jpg\",\"width\":1000,\"height\":532},{\"@type\":\"BreadcrumbList\",\"@id\":\"https:\\\/\\\/kettibuenoferrer.dk\\\/?page_id=1664#breadcrumb\",\"itemListElement\":[{\"@type\":\"ListItem\",\"position\":1,\"name\":\"Hjem\",\"item\":\"https:\\\/\\\/kettibuenoferrer.dk\\\/\"},{\"@type\":\"ListItem\",\"position\":2,\"name\":\"THE STORY OF KETTI.\"}]},{\"@type\":\"WebSite\",\"@id\":\"https:\\\/\\\/kettibuenoferrer.dk\\\/#website\",\"url\":\"https:\\\/\\\/kettibuenoferrer.dk\\\/\",\"name\":\"Ketti Bueno Ferrer\",\"description\":\"Livets sovs\",\"potentialAction\":[{\"@type\":\"SearchAction\",\"target\":{\"@type\":\"EntryPoint\",\"urlTemplate\":\"https:\\\/\\\/kettibuenoferrer.dk\\\/?s={search_term_string}\"},\"query-input\":{\"@type\":\"PropertyValueSpecification\",\"valueRequired\":true,\"valueName\":\"search_term_string\"}}],\"inLanguage\":\"da-DK\"}]}<\/script>\n<!-- \/ Yoast SEO plugin. -->","yoast_head_json":{"title":"THE STORY OF KETTI. - Ketti Bueno Ferrer","description":"\"The story of Ketti\".","robots":{"index":"index","follow":"follow","max-snippet":"max-snippet:-1","max-image-preview":"max-image-preview:large","max-video-preview":"max-video-preview:-1"},"canonical":"https:\/\/kettibuenoferrer.dk\/?page_id=1664","og_locale":"da_DK","og_type":"article","og_title":"THE STORY OF KETTI. - Ketti Bueno Ferrer","og_description":"\"The story of Ketti\".","og_url":"https:\/\/kettibuenoferrer.dk\/?page_id=1664","og_site_name":"Ketti Bueno Ferrer","article_modified_time":"2021-09-05T05:31:58+00:00","og_image":[{"url":"http:\/\/kettibuenoferrer.dk\/wp-content\/uploads\/2013\/03\/KETTIS_CV_TOP_fotos.jpg","type":"","width":"","height":""}],"twitter_misc":{"Estimeret l\u00e6setid":"9 minutter"},"schema":{"@context":"https:\/\/schema.org","@graph":[{"@type":"WebPage","@id":"https:\/\/kettibuenoferrer.dk\/?page_id=1664","url":"https:\/\/kettibuenoferrer.dk\/?page_id=1664","name":"THE STORY OF KETTI. - Ketti Bueno Ferrer","isPartOf":{"@id":"https:\/\/kettibuenoferrer.dk\/#website"},"primaryImageOfPage":{"@id":"https:\/\/kettibuenoferrer.dk\/?page_id=1664#primaryimage"},"image":{"@id":"https:\/\/kettibuenoferrer.dk\/?page_id=1664#primaryimage"},"thumbnailUrl":"http:\/\/kettibuenoferrer.dk\/wp-content\/uploads\/2013\/03\/KETTIS_CV_TOP_fotos.jpg","datePublished":"2013-03-23T17:39:23+00:00","dateModified":"2021-09-05T05:31:58+00:00","description":"\"The story of Ketti\".","breadcrumb":{"@id":"https:\/\/kettibuenoferrer.dk\/?page_id=1664#breadcrumb"},"inLanguage":"da-DK","potentialAction":[{"@type":"ReadAction","target":["https:\/\/kettibuenoferrer.dk\/?page_id=1664"]}]},{"@type":"ImageObject","inLanguage":"da-DK","@id":"https:\/\/kettibuenoferrer.dk\/?page_id=1664#primaryimage","url":"https:\/\/kettibuenoferrer.dk\/wp-content\/uploads\/2013\/03\/KETTIS_CV_TOP_fotos.jpg","contentUrl":"https:\/\/kettibuenoferrer.dk\/wp-content\/uploads\/2013\/03\/KETTIS_CV_TOP_fotos.jpg","width":1000,"height":532},{"@type":"BreadcrumbList","@id":"https:\/\/kettibuenoferrer.dk\/?page_id=1664#breadcrumb","itemListElement":[{"@type":"ListItem","position":1,"name":"Hjem","item":"https:\/\/kettibuenoferrer.dk\/"},{"@type":"ListItem","position":2,"name":"THE STORY OF KETTI."}]},{"@type":"WebSite","@id":"https:\/\/kettibuenoferrer.dk\/#website","url":"https:\/\/kettibuenoferrer.dk\/","name":"Ketti Bueno Ferrer","description":"Livets sovs","potentialAction":[{"@type":"SearchAction","target":{"@type":"EntryPoint","urlTemplate":"https:\/\/kettibuenoferrer.dk\/?s={search_term_string}"},"query-input":{"@type":"PropertyValueSpecification","valueRequired":true,"valueName":"search_term_string"}}],"inLanguage":"da-DK"}]}},"_links":{"self":[{"href":"https:\/\/kettibuenoferrer.dk\/index.php?rest_route=\/wp\/v2\/pages\/1664","targetHints":{"allow":["GET"]}}],"collection":[{"href":"https:\/\/kettibuenoferrer.dk\/index.php?rest_route=\/wp\/v2\/pages"}],"about":[{"href":"https:\/\/kettibuenoferrer.dk\/index.php?rest_route=\/wp\/v2\/types\/page"}],"author":[{"embeddable":true,"href":"https:\/\/kettibuenoferrer.dk\/index.php?rest_route=\/wp\/v2\/users\/1"}],"replies":[{"embeddable":true,"href":"https:\/\/kettibuenoferrer.dk\/index.php?rest_route=%2Fwp%2Fv2%2Fcomments&post=1664"}],"version-history":[{"count":28,"href":"https:\/\/kettibuenoferrer.dk\/index.php?rest_route=\/wp\/v2\/pages\/1664\/revisions"}],"predecessor-version":[{"id":5445,"href":"https:\/\/kettibuenoferrer.dk\/index.php?rest_route=\/wp\/v2\/pages\/1664\/revisions\/5445"}],"wp:attachment":[{"href":"https:\/\/kettibuenoferrer.dk\/index.php?rest_route=%2Fwp%2Fv2%2Fmedia&parent=1664"}],"curies":[{"name":"wp","href":"https:\/\/api.w.org\/{rel}","templated":true}]}}