{"id":3398,"date":"2013-06-24T21:01:51","date_gmt":"2013-06-24T19:01:51","guid":{"rendered":"http:\/\/satellite.nu\/dev\/ketti\/?page_id=3398"},"modified":"2019-09-22T04:51:00","modified_gmt":"2019-09-22T02:51:00","slug":"privatundervisning","status":"publish","type":"page","link":"https:\/\/kettibuenoferrer.dk\/?page_id=3398","title":{"rendered":"Velkommen til Havana p\u00e5 Amager."},"content":{"rendered":"<p>&nbsp;<\/p>\n<p><a href=\"http:\/\/kettibuenoferrer.dk\/wp-content\/uploads\/2019\/02\/Havana_Amager_baggrund_19_www.jpg\"><img loading=\"lazy\" decoding=\"async\" class=\"alignnone wp-image-5184 size-large\" src=\"http:\/\/kettibuenoferrer.dk\/wp-content\/uploads\/2019\/02\/Havana_Amager_baggrund_19_www-1024x567.jpg\" alt=\"\" width=\"940\" height=\"520\" srcset=\"https:\/\/kettibuenoferrer.dk\/wp-content\/uploads\/2019\/02\/Havana_Amager_baggrund_19_www-1024x567.jpg 1024w, https:\/\/kettibuenoferrer.dk\/wp-content\/uploads\/2019\/02\/Havana_Amager_baggrund_19_www-300x166.jpg 300w, https:\/\/kettibuenoferrer.dk\/wp-content\/uploads\/2019\/02\/Havana_Amager_baggrund_19_www-768x425.jpg 768w, https:\/\/kettibuenoferrer.dk\/wp-content\/uploads\/2019\/02\/Havana_Amager_baggrund_19_www-500x277.jpg 500w, https:\/\/kettibuenoferrer.dk\/wp-content\/uploads\/2019\/02\/Havana_Amager_baggrund_19_www.jpg 1745w\" sizes=\"auto, (max-width: 940px) 100vw, 940px\" \/><\/a><\/p>\n<pre>Velkommen til\u00a0<b>Havana p\u00e5 Amager.\u00a0<\/b>Et unikt sansebombardement af farver, livsgl\u00e6de og magi, fra en verden s\u00e5 langt langt v\u00e6k og dog helt t\u00e6t p\u00e5.<\/pre>\n<pre class=\"p1\"><span class=\"s1\"><b>Hvad er Havana p\u00e5 Amager?<\/b><\/span><\/pre>\n<p class=\"p2\"><span class=\"s1\">N\u00e5r du g\u00e5r ind af d\u00f8ren til mit Havana p\u00e5 Amager, s\u00e5 kommer du p\u00e5 en rejse. Mit Havana er et univers, et sansebombardement, en helt fysisk oplevelse, en pause fra alt, hvad du kommer fra og kender. N\u00e5r du g\u00e5r ud af d\u00f8ren igen, tager du et stykke af Havana p\u00e5 Amager \u2013 et stykke af magien \u2013 med dig. Bagefter har du noget i dig, der ikke var muligt f\u00f8r, men som er det nu.<\/span><\/p>\n<pre class=\"p1\"><span class=\"s1\"><strong>Jeg f\u00e5r s\u00e5dan lyst til at sige, at jeg er en slags kropshvisker\u2026<\/strong> <\/span><\/pre>\n<p class=\"p1\"><span class=\"s1\">Jeg tr\u00e6ner og underviser folk i at blive den bedste udgave af sig selv. Jeg hj\u00e6lper det frem, du f\u00e5r mest succes med p\u00e5 den lange bane. Og du g\u00e5r herfra kl\u00e6dt i dine st\u00e6rkeste kropslige, sociale og faglige kompetencer. Igennem mit \u00e5relange arbejde som skuespiller, underviser, leder \u2013 og som mig \u2013 har jeg nemlig udviklet og finpudset et s\u00e6rligt blik for kroppen, hvad den udtrykker og hvad den gemmer p\u00e5. Her hos mig bliver du forl\u00f8st, fordi jeg hj\u00e6lper dig til at slippe noget fortid, s\u00e5 det bliver til noget, du kan have med at g\u00f8re her og nu og bruge i din fremtid. Jeg lytter til dig, jeg\u00a0<i>ser<\/i> dig. Jeg bliver en f\u00f8dselshj\u00e6lper p\u00e5 det, der i dig, det som du ikke helt selv har set, erkendt eller t\u00f8r se p\u00e5. Lige netop det hj\u00e6lper jeg dig med at se. Og her efter at turde st\u00e5 ved.<\/span><\/p>\n<pre class=\"p1\"><strong><span class=\"s1\">Her er et par eksempler og tilbud p\u00e5 <\/span><span class=\"s2\">OPLEVELSER <\/span><span class=\"s1\">til dig &amp; dem du holder af - oplevelser der vil sprede gl\u00e6de, forandringer, overskud og energi.<\/span><\/strong><\/pre>\n<p class=\"p1\"><span class=\"s1\">\ud83c\udde9\ud83c\uddf0<\/span><span class=\"s2\">\u2665\ufe0f<\/span><span class=\"s1\">\u00a0\ud83c\udde8\ud83c\uddfa SALSA VIDA SALSASKOLE \ud83d\udc95i K\u00f8benhavn v. Torvehallerne.<br \/>\nSalsaSkole for singler og par \u2013 s\u00e5 meget mere end blot en salsa. Midt i K\u00f8benhavn. Stedet hvor kvinder &amp; m\u00e6nd m\u00f8des for at have det SJOVT &amp; GODT sammen.<\/span><\/p>\n<p class=\"p1\"><span class=\"s1\">HAVANA P\u00c5 AMAGER. Amagerbrogade 30. 4tv.\ud83d\udc95<\/span><\/p>\n<p class=\"p1\"><span class=\"s1\">I Havana Vieja, Cuba \ud83c\udde8\ud83c\uddfa var jeg med til at s\u00e6tte et gammelt hus fra den antikke periode istand. Og da vi f\u00f8rste gang modtog turister fra Danmark i huset og oplevede hvad de rammer gjorde ved dem, s\u00e5 t\u00e6nkte jeg: DET skaber jeg ogs\u00e5 i K\u00f8benhavn, Danmark, det m\u00e5 v\u00e6re muligt;-).<\/span><\/p>\n<p class=\"p1\"><span class=\"s1\">S\u00e5 velkommen til Havana p\u00e5 Amager \ud83c\udde9\ud83c\uddf0. En + 100 \u00e5rs gammel k\u00f8benhavner bygning bygget af holl\u00e6nderne og fuld af dekadent charme. Her i Havana p\u00e5 Amager kan du m\u00e6rke sj\u00e6len og opleve ting &amp; sager fra Cuba, fra Afrika, fra Latinamerika. Fra teatret, magien og salsaen. Her oppe under taget med de skr\u00e5 v\u00e6gge kommer enkeltpersoner, par og mindre grupper med 2 par eller max 3 par. Unikke privattimer i Salsa &amp; Samh\u00f8righed for enkeltpersoner og par i Havana p\u00e5 Amager \u2013 en oplevelse I aldrig glemmer.<\/span><\/p>\n<p class=\"p1\"><span class=\"s1\">\ud83c\udde9\ud83c\uddf0<\/span><span class=\"s2\">\u2665\ufe0f<\/span><span class=\"s1\">\u00a0\ud83c\udde8\ud83c\uddfa GAVEKORT til en time med Salsa &amp; Samh\u00f8righed i Havana p\u00e5 Amager med Ketti som din\/jeres instrukt\u00f8r. Pris 795-, Gavekortet kan du printe i vores shop, eller f\u00e5 det tilsendt p\u00e5 mail til print.<\/span><\/p>\n<p class=\"p1\"><span class=\"s1\">\ud83c\udde9\ud83c\uddf0<\/span><span class=\"s2\">\u2665\ufe0f<\/span><span class=\"s1\">\u00a0\ud83c\udde8\ud83c\uddfa Mindre grupper, max 3 par; BOOK EN FESTLIG OG HJERTEVARM PRIVAT SALSAUNDERVISNINGS OPLEVELSE I HAVANA P\u00c5 AMAGER.<br \/>\nPRIS: 1 time 2000-, 2 timer 3000-,. Hvis I vil have et forl\u00f8b over en periode, kan finder vi en god pris.<br \/>\nL\u00e6s mere Her:\u00a0<a href=\"http:\/\/salsavida.dk\/vare\/1-times-privat-undervisning-i-salsa-for-grupper-max-4-par-med-ketti-bueno-ferrer-i-havana-paa-amager\/\"><span class=\"s3\">http:\/\/salsavida.dk\/vare\/1-times-privat-undervisning-i-salsa-for-grupper-max-4-par-med-ketti-bueno-ferrer-i-havana-paa-amager\/<\/span><\/a>.<\/span><\/p>\n<p class=\"p1\"><span class=\"s1\">\ud83c\udde9\ud83c\uddf0<\/span><span class=\"s2\">\u2665\ufe0f<\/span><span class=\"s1\">\u00a0\ud83c\udde8\ud83c\uddfa PRIVAT UNDERVISNING I SALSA FOR PAR med Ketti Bueno Ferrer i Havana p\u00e5 Amager. Pris: 1 time: 795-,<br \/>\nFor dig og din (danse-) partner. Book en privattime i salsa fra Cuba og f\u00e5 en uforglemmelig og sanselig date med din partner. En salsa fra cuba er noget helt s\u00e6rligt. L\u00e6s mere HER:\u00a0<a href=\"http:\/\/salsavida.dk\/vare\/privatundervisning-for-par\/\"><span class=\"s3\">http:\/\/salsavida.dk\/vare\/privatundervisning-for-par\/<\/span><\/a><\/span><\/p>\n<p class=\"p1\"><span class=\"s1\">\ud83c\udde9\ud83c\uddf0<\/span><span class=\"s2\">\u2665\ufe0f<\/span><span class=\"s1\">\u00a0\ud83c\udde8\ud83c\uddfa TILBUD SPAR 700-, INTENSIV MINI-SALSASKOLE i Havana p\u00e5 Amager for enkeltpersoner eller par. 4 privattimer i Salsa, Kropslighed &amp; Sanselighed i Havana p\u00e5 Amager, med Ketti Bueno Ferrer som din personlige salsainstrukt\u00f8r.<br \/>\nNORMALPRIS: DKK 3.180,00 TILBUD DKK 2.480,00<\/span><\/p>\n<p class=\"p1\"><span class=\"s1\">\ud83c\udde9\ud83c\uddf0<\/span><span class=\"s2\">\u2665\ufe0f<\/span><span class=\"s1\">\u00a0\ud83c\udde8\ud83c\uddfa 1 time K\u00c6RLIGE S\u00c6RLIGE POLTERABEND \u2013 i Havana p\u00e5 Amager.<br \/>\nPris: 2600-, 1 time med salsa, sanselighed og kvindelig styrke.<br \/>\nMange mange kvinder har v\u00e6ret forbi Havana p\u00e5 Amager til en ganske sk\u00f8n, sjov og s\u00e6rlig polterabend. Og jeg har undervist dem i de kvindelige tips &amp; staldfiduser jeg selv for mange mange \u00e5r siden l\u00e6rte af cubanske kvinder der jeg boede i Cuba og blev gift i Cuba. Det er SJOVT, for det er sjovt at lege med sin kvindelighed, kropslige kompetencer og l\u00e6rer at bruge sin visitkortkasseholder (numsen;-) . Det er ogs\u00e5 s\u00e5rbart og tankev\u00e6kkende at give plads til ens s\u00e5rbarhed, for det er gennem ens s\u00e5rbarhed at andre, is\u00e6r m\u00e6nd kan komme t\u00e6t p\u00e5 en og v\u00e6re der for en. L\u00e6s mere HER:\u00a0<a href=\"http:\/\/salsavida.dk\/vare\/kaerlige-saerlige-polterabend-i-havana-paa-amager\/\"><span class=\"s3\">http:\/\/salsavida.dk\/vare\/kaerlige-saerlige-polterabend-i-havana-paa-amager\/<\/span><\/a><\/span><\/p>\n<p class=\"p1\"><span class=\"s1\">\ud83c\udde9\ud83c\uddf0<\/span><span class=\"s2\">\u2665\ufe0f<\/span><span class=\"s1\">\u00a0\ud83c\udde8\ud83c\uddfa 2 timers privatundervisning i salsa, kvindelighed, ynde &amp; power for dig og dine veninder. Max 12 kvinder. Havana p\u00e5 Amager<br \/>\nPris: 3.500,00. Salsa, Sanselighed, Saft &amp; Kraft \u2013 for kvinder. Du og dine veninder kommer til at danse en salsa og lytte til at Ketti med saft &amp; kraft fort\u00e6ller og underholder og udfordrer jer i noget af alt det sk\u00f8nne ved at v\u00e6re kvinde med inspiration fra \u201cKetti`s Cuba\u201d. Det hele f\u00e5r du og dine veninder i en hjerteligt, latterv\u00e6kkende, k\u00e6rligt, fr\u00e6kt, gr\u00e6nserykkende intensiv 2 timers seance med Ketti i Havana p\u00e5 Amager. L\u00e6s mere HER:\u00a0<a href=\"http:\/\/salsavida.dk\/vare\/tilbud-2-timers-privatundervisning-salsa-kvindelighed-ynde-power-dig-dine-veninder-max-8-kvinder-havana-paa-amager\/\"><span class=\"s3\">http:\/\/salsavida.dk\/vare\/tilbud-2-timers-privatundervisning-salsa-kvindelighed-ynde-power-dig-dine-veninder-max-8-kvinder-havana-paa-amager\/<\/span><\/a><\/span><\/p>\n<p class=\"p1\"><span class=\"s1\">\ud83c\udde9\ud83c\uddf0<\/span><span class=\"s2\">\u2665\ufe0f\u00a0<\/span><span class=\"s1\">\ud83c\udde8\ud83c\uddfa 1.1 Personlige og faglige udviklingsforl\u00f8b. Kropslige og Kreative udviklingsprocesser der virker.<br \/>\nKetti Bueno Ferrer er personlig MENTOR, UNDERVISER &amp; HEALER for en r\u00e6kke kvinder &amp; m\u00e6nd. Skal hun ogs\u00e5 v\u00e6re din?<br \/>\n75 minutter 1000-, 5 x 75 minutter 4000-, Spar 1000-, 10 x 75 minutter 7500-, Spar 2500-,<\/span><\/p>\n<p class=\"p1\"><span class=\"s1\">\u201cI forl\u00f8bet hos dig, blev det meget klart at det var min distance og al den energi jeg brugte p\u00e5 ikke at lade nogen komme t\u00e6t p\u00e5, der skabte problemer i mit k\u00e6rlighedsliv. Jeg levede et risikofrit k\u00e6rlighedsliv, selvom om at jeg tit sagde: ja jeg vil gerne have en k\u00e6reste. Og den sved da du i en af vores seancer kaldte mig en professionel single, en Peter Pan og en distancerytter. Hvor blev jeg vred.\u00a0 Den tog lidt tid at accepterer. Med ved din hj\u00e6lp, alle vores samtaler og tr\u00e6ningen i at afd\u00e6kke mine m\u00f8nstre gjorde, at\u00a0 jeg nu er mere s\u00e5rbar end nogensinde,, men ogs\u00e5 f\u00f8ler mig st\u00e6rkere. Og jeg er klar til at forpligte mig og elske, selv med risikoen for at blive afvist og miste. For det var jo det jeg var bange for. Afvisningen og at miste\u201d\u00a0 \u2013 sagde han.<\/span><\/p>\n<p class=\"p1\"><span class=\"s1\">&#8220;Jeg er sl\u00e5et helt ud af kurs, det sidste \u00e5r har simpelthen v\u00e6ret s\u00e5 h\u00e5rdt, jeg er dr\u00e6net og lammet og jeg kan ikke m\u00e6rke hvad jeg vil &#8211; kun alt det jeg ikke vil. Kan du hj\u00e6lpe mig Ketti? skrev hun&#8221;.<br \/>\n\ud83c\udde9\ud83c\uddf0<\/span><span class=\"s2\">\u2665\ufe0f<\/span><span class=\"s1\">\u00a0\ud83c\udde8\ud83c\uddfa Din private fest \u2013 Book en unik, hjertevarm, sjov og festlig salsa time med Ketti til din private fest.<\/span><\/p>\n<p class=\"p1\"><span class=\"s1\">\ud83c\udde9\ud83c\uddf0<\/span><span class=\"s2\">\u2665\ufe0f\u00a0<\/span><span class=\"s1\">\ud83c\udde8\ud83c\uddfa Teambuilding der virker og som ryster dit team sammen p\u00e5 din arbejdsplads \u2013 mere end 30 \u00e5rs erfaring.<\/span><\/p>\n<p class=\"p1\"><span class=\"s1\">\ud83c\udde9\ud83c\uddf0<\/span><span class=\"s2\">\u2665\ufe0f<\/span><span class=\"s1\">\u00a0\ud83c\udde8\ud83c\uddfa Personale og ledelsestr\u00e6ning &#8211; mere end 30 \u00e5rs erfaring.<\/span><\/p>\n<p class=\"p1\"><span class=\"s1\">Ketti Bueno Ferrer er forfatter til bogen: En kvindes guide til at NYDE livet. Og hun er kvinden der har skabt og k\u00f8rer Salsa Vida &amp; Havana p\u00e5 Amager. Og indtil salsaen og den cubanske kulturen tog hende med ild &amp; storm var hun leder af Dramaskolen i K\u00f8benhavn. Hun er udover alt dette en anerkendt konsulent og underviser i erhvervslivet i kropssprog, \u201cTal s\u00e5 man kan m\u00e6rke dig\u201d og \u201cNYD at v\u00e6re p\u00e5\u201d. Og er kendt for hendes evne til at tr\u00e6ne teams, og lederer, s\u00e5 de\u00a0 fungerer optimalt. Ketti ved ogs\u00e5 s\u00e5 uendelig meget om den anerkendende kontakt mellem kvinden og manden. Og hvad der skal til for at s\u00f8d musik opst\u00e5r og varer gerne hele livet. Hun tr\u00e6ner et par hundrede kvinder &amp; m\u00e6nd OM ugen i lige pr\u00e6cis det her, \u00e5r ud og \u00e5r ind. Og hun anvender altid humor og charme som et effektivt middel til at bryde isen og til at skabe den lethed og tryghed der skal til for at \u00e6ndre det der ikke virker mere, s\u00e5 man kan lande i noget meget bedre sammen. Send en mail til\u00a0<a href=\"mailto:ketti@salsavida.dk\"><span class=\"s3\">ketti@salsavida.dk<\/span><\/a>\u00a0hvis du vil booke hende.<\/span><\/p>\n<pre class=\"p1\"><span class=\"s1\">Ketti Bueno Ferrer<\/span>\r\n\r\n<span class=\"s1\">Salsa Vida \u2013 meget mere end blot en salsa.<\/span>\r\n\r\n<span class=\"s1\">Havana p\u00e5 Amager \u2013 hvor magien slippes l\u00f8s.<\/span>\r\n\r\n<span class=\"s2\"><a href=\"http:\/\/www.salsavida.dk\/\">www.salsavida.dk<\/a><\/span>\r\n\r\n<span class=\"s2\"><a href=\"http:\/\/www.kettibuenoferrer.dk\/\">www.kettibuenoferrer.dk<\/a><\/span>\r\n\r\n\r\n<\/pre>\n<p><strong>\u00a0<a href=\"http:\/\/kettibuenoferrer.dk\/wp-content\/uploads\/2013\/06\/BOGEN_TOP_fotos.jpg\"><img loading=\"lazy\" decoding=\"async\" class=\"alignnone size-medium wp-image-5029\" src=\"http:\/\/kettibuenoferrer.dk\/wp-content\/uploads\/2013\/06\/BOGEN_TOP_fotos-300x160.jpg\" alt=\"\" width=\"300\" height=\"160\" srcset=\"https:\/\/kettibuenoferrer.dk\/wp-content\/uploads\/2013\/06\/BOGEN_TOP_fotos-300x160.jpg 300w, https:\/\/kettibuenoferrer.dk\/wp-content\/uploads\/2013\/06\/BOGEN_TOP_fotos-768x409.jpg 768w, https:\/\/kettibuenoferrer.dk\/wp-content\/uploads\/2013\/06\/BOGEN_TOP_fotos.jpg 1000w\" sizes=\"auto, (max-width: 300px) 100vw, 300px\" \/><\/a><a href=\"http:\/\/kettibuenoferrer.dk\/wp-content\/uploads\/2013\/07\/salsa_par.jpg\"><img loading=\"lazy\" decoding=\"async\" class=\"alignnone size-medium wp-image-3578\" src=\"http:\/\/kettibuenoferrer.dk\/wp-content\/uploads\/2013\/07\/salsa_par-300x123.jpg\" alt=\"\" width=\"300\" height=\"123\" srcset=\"https:\/\/kettibuenoferrer.dk\/wp-content\/uploads\/2013\/07\/salsa_par-300x123.jpg 300w, https:\/\/kettibuenoferrer.dk\/wp-content\/uploads\/2013\/07\/salsa_par.jpg 1000w\" sizes=\"auto, (max-width: 300px) 100vw, 300px\" \/><\/a><\/strong><\/p>\n<p><a href=\"http:\/\/kettibuenoferrer.dk\/wp-content\/uploads\/2013\/06\/18208962_10154524294567314_233925343444338981_o.jpg\"><img loading=\"lazy\" decoding=\"async\" class=\"alignnone size-medium wp-image-5033\" src=\"http:\/\/kettibuenoferrer.dk\/wp-content\/uploads\/2013\/06\/18208962_10154524294567314_233925343444338981_o-200x300.jpg\" alt=\"\" width=\"200\" height=\"300\" srcset=\"https:\/\/kettibuenoferrer.dk\/wp-content\/uploads\/2013\/06\/18208962_10154524294567314_233925343444338981_o-200x300.jpg 200w, https:\/\/kettibuenoferrer.dk\/wp-content\/uploads\/2013\/06\/18208962_10154524294567314_233925343444338981_o-768x1152.jpg 768w, https:\/\/kettibuenoferrer.dk\/wp-content\/uploads\/2013\/06\/18208962_10154524294567314_233925343444338981_o-682x1024.jpg 682w, https:\/\/kettibuenoferrer.dk\/wp-content\/uploads\/2013\/06\/18208962_10154524294567314_233925343444338981_o.jpg 1133w\" sizes=\"auto, (max-width: 200px) 100vw, 200px\" \/><\/a><a href=\"http:\/\/kettibuenoferrer.dk\/wp-content\/uploads\/2017\/02\/13404033_10153611196547314_6302707648058988645_o.jpg\"><img loading=\"lazy\" decoding=\"async\" class=\"alignnone size-medium wp-image-5015\" src=\"http:\/\/kettibuenoferrer.dk\/wp-content\/uploads\/2017\/02\/13404033_10153611196547314_6302707648058988645_o-187x300.jpg\" alt=\"\" width=\"187\" height=\"300\" srcset=\"https:\/\/kettibuenoferrer.dk\/wp-content\/uploads\/2017\/02\/13404033_10153611196547314_6302707648058988645_o-187x300.jpg 187w, https:\/\/kettibuenoferrer.dk\/wp-content\/uploads\/2017\/02\/13404033_10153611196547314_6302707648058988645_o-639x1024.jpg 639w, https:\/\/kettibuenoferrer.dk\/wp-content\/uploads\/2017\/02\/13404033_10153611196547314_6302707648058988645_o.jpg 736w\" sizes=\"auto, (max-width: 187px) 100vw, 187px\" \/><\/a><a href=\"http:\/\/kettibuenoferrer.dk\/wp-content\/uploads\/2017\/02\/IMG_5938-1.jpg\"><img loading=\"lazy\" decoding=\"async\" class=\"alignnone size-medium wp-image-5014\" src=\"http:\/\/kettibuenoferrer.dk\/wp-content\/uploads\/2017\/02\/IMG_5938-1-300x300.jpg\" alt=\"\" width=\"300\" height=\"300\" srcset=\"https:\/\/kettibuenoferrer.dk\/wp-content\/uploads\/2017\/02\/IMG_5938-1-300x300.jpg 300w, https:\/\/kettibuenoferrer.dk\/wp-content\/uploads\/2017\/02\/IMG_5938-1-150x150.jpg 150w, https:\/\/kettibuenoferrer.dk\/wp-content\/uploads\/2017\/02\/IMG_5938-1-768x768.jpg 768w, https:\/\/kettibuenoferrer.dk\/wp-content\/uploads\/2017\/02\/IMG_5938-1-1024x1024.jpg 1024w\" sizes=\"auto, (max-width: 300px) 100vw, 300px\" \/><\/a><\/p>\n","protected":false},"excerpt":{"rendered":"<p>&nbsp; Velkommen til\u00a0Havana p\u00e5 Amager.\u00a0Et unikt sansebombardement af farver, livsgl\u00e6de og magi, fra en verden s\u00e5 langt langt v\u00e6k og dog helt t\u00e6t p\u00e5. Hvad er Havana p\u00e5 Amager? N\u00e5r du g\u00e5r ind af d\u00f8ren til mit Havana p\u00e5 Amager, s\u00e5 kommer du p\u00e5 en rejse. Mit Havana er et univers, et sansebombardement, en helt [&hellip;]<\/p>\n","protected":false},"author":1,"featured_media":0,"parent":0,"menu_order":0,"comment_status":"closed","ping_status":"closed","template":"","meta":{"footnotes":""},"class_list":["post-3398","page","type-page","status-publish","hentry"],"yoast_head":"<!-- This site is optimized with the Yoast SEO plugin v27.6 - https:\/\/yoast.com\/product\/yoast-seo-wordpress\/ -->\n<title>Velkommen til Havana p\u00e5 Amager. - Ketti Bueno Ferrer<\/title>\n<meta name=\"robots\" content=\"index, follow, max-snippet:-1, max-image-preview:large, max-video-preview:-1\" \/>\n<link rel=\"canonical\" href=\"https:\/\/kettibuenoferrer.dk\/?page_id=3398\" \/>\n<meta property=\"og:locale\" content=\"da_DK\" \/>\n<meta property=\"og:type\" content=\"article\" \/>\n<meta property=\"og:title\" content=\"Velkommen til Havana p\u00e5 Amager. - Ketti Bueno Ferrer\" \/>\n<meta property=\"og:description\" content=\"&nbsp; Velkommen til\u00a0Havana p\u00e5 Amager.\u00a0Et unikt sansebombardement af farver, livsgl\u00e6de og magi, fra en verden s\u00e5 langt langt v\u00e6k og dog helt t\u00e6t p\u00e5. Hvad er Havana p\u00e5 Amager? N\u00e5r du g\u00e5r ind af d\u00f8ren til mit Havana p\u00e5 Amager, s\u00e5 kommer du p\u00e5 en rejse. Mit Havana er et univers, et sansebombardement, en helt [&hellip;]\" \/>\n<meta property=\"og:url\" content=\"https:\/\/kettibuenoferrer.dk\/?page_id=3398\" \/>\n<meta property=\"og:site_name\" content=\"Ketti Bueno Ferrer\" \/>\n<meta property=\"article:modified_time\" content=\"2019-09-22T02:51:00+00:00\" \/>\n<meta property=\"og:image\" content=\"http:\/\/kettibuenoferrer.dk\/wp-content\/uploads\/2019\/02\/Havana_Amager_baggrund_19_www-1024x567.jpg\" \/>\n<meta name=\"twitter:label1\" content=\"Estimeret l\u00e6setid\" \/>\n\t<meta name=\"twitter:data1\" content=\"7 minutter\" \/>\n<script type=\"application\/ld+json\" class=\"yoast-schema-graph\">{\"@context\":\"https:\\\/\\\/schema.org\",\"@graph\":[{\"@type\":\"WebPage\",\"@id\":\"https:\\\/\\\/kettibuenoferrer.dk\\\/?page_id=3398\",\"url\":\"https:\\\/\\\/kettibuenoferrer.dk\\\/?page_id=3398\",\"name\":\"Velkommen til Havana p\u00e5 Amager. - Ketti Bueno Ferrer\",\"isPartOf\":{\"@id\":\"https:\\\/\\\/kettibuenoferrer.dk\\\/#website\"},\"primaryImageOfPage\":{\"@id\":\"https:\\\/\\\/kettibuenoferrer.dk\\\/?page_id=3398#primaryimage\"},\"image\":{\"@id\":\"https:\\\/\\\/kettibuenoferrer.dk\\\/?page_id=3398#primaryimage\"},\"thumbnailUrl\":\"http:\\\/\\\/kettibuenoferrer.dk\\\/wp-content\\\/uploads\\\/2019\\\/02\\\/Havana_Amager_baggrund_19_www-1024x567.jpg\",\"datePublished\":\"2013-06-24T19:01:51+00:00\",\"dateModified\":\"2019-09-22T02:51:00+00:00\",\"breadcrumb\":{\"@id\":\"https:\\\/\\\/kettibuenoferrer.dk\\\/?page_id=3398#breadcrumb\"},\"inLanguage\":\"da-DK\",\"potentialAction\":[{\"@type\":\"ReadAction\",\"target\":[\"https:\\\/\\\/kettibuenoferrer.dk\\\/?page_id=3398\"]}]},{\"@type\":\"ImageObject\",\"inLanguage\":\"da-DK\",\"@id\":\"https:\\\/\\\/kettibuenoferrer.dk\\\/?page_id=3398#primaryimage\",\"url\":\"https:\\\/\\\/kettibuenoferrer.dk\\\/wp-content\\\/uploads\\\/2019\\\/02\\\/Havana_Amager_baggrund_19_www.jpg\",\"contentUrl\":\"https:\\\/\\\/kettibuenoferrer.dk\\\/wp-content\\\/uploads\\\/2019\\\/02\\\/Havana_Amager_baggrund_19_www.jpg\",\"width\":1745,\"height\":966},{\"@type\":\"BreadcrumbList\",\"@id\":\"https:\\\/\\\/kettibuenoferrer.dk\\\/?page_id=3398#breadcrumb\",\"itemListElement\":[{\"@type\":\"ListItem\",\"position\":1,\"name\":\"Hjem\",\"item\":\"https:\\\/\\\/kettibuenoferrer.dk\\\/\"},{\"@type\":\"ListItem\",\"position\":2,\"name\":\"Velkommen til Havana p\u00e5 Amager.\"}]},{\"@type\":\"WebSite\",\"@id\":\"https:\\\/\\\/kettibuenoferrer.dk\\\/#website\",\"url\":\"https:\\\/\\\/kettibuenoferrer.dk\\\/\",\"name\":\"Ketti Bueno Ferrer\",\"description\":\"Livets sovs\",\"potentialAction\":[{\"@type\":\"SearchAction\",\"target\":{\"@type\":\"EntryPoint\",\"urlTemplate\":\"https:\\\/\\\/kettibuenoferrer.dk\\\/?s={search_term_string}\"},\"query-input\":{\"@type\":\"PropertyValueSpecification\",\"valueRequired\":true,\"valueName\":\"search_term_string\"}}],\"inLanguage\":\"da-DK\"}]}<\/script>\n<!-- \/ Yoast SEO plugin. -->","yoast_head_json":{"title":"Velkommen til Havana p\u00e5 Amager. - Ketti Bueno Ferrer","robots":{"index":"index","follow":"follow","max-snippet":"max-snippet:-1","max-image-preview":"max-image-preview:large","max-video-preview":"max-video-preview:-1"},"canonical":"https:\/\/kettibuenoferrer.dk\/?page_id=3398","og_locale":"da_DK","og_type":"article","og_title":"Velkommen til Havana p\u00e5 Amager. - Ketti Bueno Ferrer","og_description":"&nbsp; Velkommen til\u00a0Havana p\u00e5 Amager.\u00a0Et unikt sansebombardement af farver, livsgl\u00e6de og magi, fra en verden s\u00e5 langt langt v\u00e6k og dog helt t\u00e6t p\u00e5. Hvad er Havana p\u00e5 Amager? N\u00e5r du g\u00e5r ind af d\u00f8ren til mit Havana p\u00e5 Amager, s\u00e5 kommer du p\u00e5 en rejse. Mit Havana er et univers, et sansebombardement, en helt [&hellip;]","og_url":"https:\/\/kettibuenoferrer.dk\/?page_id=3398","og_site_name":"Ketti Bueno Ferrer","article_modified_time":"2019-09-22T02:51:00+00:00","og_image":[{"url":"http:\/\/kettibuenoferrer.dk\/wp-content\/uploads\/2019\/02\/Havana_Amager_baggrund_19_www-1024x567.jpg","type":"","width":"","height":""}],"twitter_misc":{"Estimeret l\u00e6setid":"7 minutter"},"schema":{"@context":"https:\/\/schema.org","@graph":[{"@type":"WebPage","@id":"https:\/\/kettibuenoferrer.dk\/?page_id=3398","url":"https:\/\/kettibuenoferrer.dk\/?page_id=3398","name":"Velkommen til Havana p\u00e5 Amager. - Ketti Bueno Ferrer","isPartOf":{"@id":"https:\/\/kettibuenoferrer.dk\/#website"},"primaryImageOfPage":{"@id":"https:\/\/kettibuenoferrer.dk\/?page_id=3398#primaryimage"},"image":{"@id":"https:\/\/kettibuenoferrer.dk\/?page_id=3398#primaryimage"},"thumbnailUrl":"http:\/\/kettibuenoferrer.dk\/wp-content\/uploads\/2019\/02\/Havana_Amager_baggrund_19_www-1024x567.jpg","datePublished":"2013-06-24T19:01:51+00:00","dateModified":"2019-09-22T02:51:00+00:00","breadcrumb":{"@id":"https:\/\/kettibuenoferrer.dk\/?page_id=3398#breadcrumb"},"inLanguage":"da-DK","potentialAction":[{"@type":"ReadAction","target":["https:\/\/kettibuenoferrer.dk\/?page_id=3398"]}]},{"@type":"ImageObject","inLanguage":"da-DK","@id":"https:\/\/kettibuenoferrer.dk\/?page_id=3398#primaryimage","url":"https:\/\/kettibuenoferrer.dk\/wp-content\/uploads\/2019\/02\/Havana_Amager_baggrund_19_www.jpg","contentUrl":"https:\/\/kettibuenoferrer.dk\/wp-content\/uploads\/2019\/02\/Havana_Amager_baggrund_19_www.jpg","width":1745,"height":966},{"@type":"BreadcrumbList","@id":"https:\/\/kettibuenoferrer.dk\/?page_id=3398#breadcrumb","itemListElement":[{"@type":"ListItem","position":1,"name":"Hjem","item":"https:\/\/kettibuenoferrer.dk\/"},{"@type":"ListItem","position":2,"name":"Velkommen til Havana p\u00e5 Amager."}]},{"@type":"WebSite","@id":"https:\/\/kettibuenoferrer.dk\/#website","url":"https:\/\/kettibuenoferrer.dk\/","name":"Ketti Bueno Ferrer","description":"Livets sovs","potentialAction":[{"@type":"SearchAction","target":{"@type":"EntryPoint","urlTemplate":"https:\/\/kettibuenoferrer.dk\/?s={search_term_string}"},"query-input":{"@type":"PropertyValueSpecification","valueRequired":true,"valueName":"search_term_string"}}],"inLanguage":"da-DK"}]}},"_links":{"self":[{"href":"https:\/\/kettibuenoferrer.dk\/index.php?rest_route=\/wp\/v2\/pages\/3398","targetHints":{"allow":["GET"]}}],"collection":[{"href":"https:\/\/kettibuenoferrer.dk\/index.php?rest_route=\/wp\/v2\/pages"}],"about":[{"href":"https:\/\/kettibuenoferrer.dk\/index.php?rest_route=\/wp\/v2\/types\/page"}],"author":[{"embeddable":true,"href":"https:\/\/kettibuenoferrer.dk\/index.php?rest_route=\/wp\/v2\/users\/1"}],"replies":[{"embeddable":true,"href":"https:\/\/kettibuenoferrer.dk\/index.php?rest_route=%2Fwp%2Fv2%2Fcomments&post=3398"}],"version-history":[{"count":59,"href":"https:\/\/kettibuenoferrer.dk\/index.php?rest_route=\/wp\/v2\/pages\/3398\/revisions"}],"predecessor-version":[{"id":5259,"href":"https:\/\/kettibuenoferrer.dk\/index.php?rest_route=\/wp\/v2\/pages\/3398\/revisions\/5259"}],"wp:attachment":[{"href":"https:\/\/kettibuenoferrer.dk\/index.php?rest_route=%2Fwp%2Fv2%2Fmedia&parent=3398"}],"curies":[{"name":"wp","href":"https:\/\/api.w.org\/{rel}","templated":true}]}}