{"id":3511,"date":"2013-07-05T17:10:43","date_gmt":"2013-07-05T15:10:43","guid":{"rendered":"http:\/\/satellite.nu\/dev\/ketti\/?page_id=3511"},"modified":"2014-12-17T21:18:31","modified_gmt":"2014-12-17T19:18:31","slug":"personaleudvikling","status":"publish","type":"page","link":"https:\/\/kettibuenoferrer.dk\/?page_id=3511","title":{"rendered":"Personaleunderholdning"},"content":{"rendered":"<p>&nbsp;<\/p>\n<p><strong><a href=\"http:\/\/kettibuenoferrer.dk\/wp-content\/uploads\/2013\/07\/PERS_UNDERHOLDN_TOP_fotos.jpg\"><img loading=\"lazy\" decoding=\"async\" class=\"aligncenter size-full wp-image-4356\" alt=\"PERS_UNDERHOLDN_TOP_fotos\" src=\"http:\/\/kettibuenoferrer.dk\/wp-content\/uploads\/2013\/07\/PERS_UNDERHOLDN_TOP_fotos.jpg\" width=\"1000\" height=\"532\" srcset=\"https:\/\/kettibuenoferrer.dk\/wp-content\/uploads\/2013\/07\/PERS_UNDERHOLDN_TOP_fotos.jpg 1000w, https:\/\/kettibuenoferrer.dk\/wp-content\/uploads\/2013\/07\/PERS_UNDERHOLDN_TOP_fotos-300x159.jpg 300w\" sizes=\"auto, (max-width: 1000px) 100vw, 1000px\" \/><\/a>PERSONALEUNDERHOLDNING\/-UDVIKLING<\/strong><\/p>\n<p><strong>P\u00c5 BUENO BUSINESS <a href=\"http:\/\/www.buenobusiness.dk\">WWW.BUENOBUSINESS.DK<\/a>\u00a0kan du l\u00e6se meget mere ogs\u00e5 om priserne.<br \/>\n<\/strong><br \/>\nKetti Bueno Ferrer har mange faste erhvervskunder og konsulenthuse, der tilkalder hende igen og igen, n\u00e5r et nyt team skal rystes sammen.<br \/>\nDet kan ogs\u00e5 v\u00e6re en medarbejdergruppe som lige har brug for at blive samlet, f\u00e5 set hinanden i \u00f8jnene, grinet sammen &#8211; og v\u00e6re sammen.<br \/>\nNye firmaer og erhvervskunder st\u00f8der hele tiden til, de fleste fordi de har f\u00e5et anbefalet Ketti.<\/p>\n<p>En medarbejderworkshop tager typisk en time eller to. Det er ogs\u00e5 muligt at skr\u00e6ddersy en hel- eller halvdags workshop, hvis der ogs\u00e5 er behov for at arbejde med forandringsprocesser, kommunikation og\/eller teambuilding.<\/p>\n<p><strong>Nicolai Weng,\u00a0SAP HR konsulent, Danisco.\u00a0<\/strong><\/p>\n<p>&#8220;Det bliver grint mere, r\u00f8rt ved hinanden, kommunikationen glider lidt lettere, og nogle opgaver bliver bare l\u00f8st mere smertefrit, n\u00e5r Ketti har v\u00e6ret p\u00e5 bes\u00f8g i en virksomhed. Jeg ved ikke med dig, men jeg arbejder p\u00e5 et kontor, og der er det ikke s\u00e5 tit, jeg r\u00f8rer ved mine kolleger. Men det gjorde vi, da Ketti kom forbi og gjorde det, hun g\u00f8r s\u00e5 fantastisk \u2013 skaber et rum, hvor hun rykker gr\u00e6nsen for, hvad der er tilladt, og hvor der er gl\u00e6de og grin. Det skaber en s\u00e6rlig stemning, der varer ved, n\u00e5r hun har forladt virksomheden. Der kommer mere n\u00e6rhed, n\u00e5r man r\u00f8rer hinanden.<\/p>\n<p>Man f\u00e5r hurtigt en eller anden bestemt rolle i en virksomhed, men Ketti skaber den her helt anden kontekst, hvor alle pr\u00f8ver noget nyt og starter forfra. Selv om\u00a0 nogen bestemt kan synes, det er meget gr\u00e6nseoverskridende at bev\u00e6ge hofterne p\u00e5 den m\u00e5de. Men fordi Ketti er, som hun er, t\u00f8r folk mere. N\u00e5r medarbejdere har grint sammen og kigget hinanden i \u00f8jnene, er dialogen lettere bagefter, man har ligesom en anden referenceramme.&#8221;<\/p>\n<p><strong>PRODUKTERNE:<\/strong><\/p>\n<p><strong>1 time med Underholdning &amp; Salsa.<\/strong><br \/>\nKetti kommer og samler jer i trivsel, latter og salsa. Alle f\u00e5r danset med alle. F\u00e5r kontakt og en f\u00e6lles oplevelse inden at I fx s\u00e6tter jer til bords. Det er en meget brugbar workshop i forbindelse med en personaledag eller personalefest.<br \/>\nDenne workshop kr\u00e6ver at I har s\u00f8rget for et godt musikanl\u00e6g, der kan tilsluttes en ipod, et &#8220;dansegulv&#8221; med plads til jer alle, og drikkevarer.<br \/>\nHvis I \u00f8nsker det, kan Ketti lave en cubansk Romceremoni, det er en sjov m\u00e5de at starte festlighederne p\u00e5.<\/p>\n<p><strong>2 timer med Underholdning, salsa og teambuilding.<\/strong><br \/>\nUdover underholdningen og salsaen, ryster Ketti jer ogs\u00e5 sammen som medarbejdergruppe\/team.<br \/>\nDet sker med forskellige opl\u00e6g og \u00f8velser fra Ketti, hvor hun deler ud af de erfaringer hun har som leder og instrukt\u00f8r\/skuespiller p\u00e5 store produktioner. Teatret kan noget meget unikt n\u00e5r det handler om at f\u00e5 folk til at &#8220;spille samme&#8221;. Det er enkelte og brugbare teknikker med stor effekt.<br \/>\nKetti har inden arrangementet et m\u00f8de med jer, s\u00e5 hun f\u00e5r lavet et unik pakke der passer lige til jeres behov.<\/p>\n<p>Ketti kan ogs\u00e5 levere den fulde pakke med oppyntning, cubansk mad og drikke, workshops, shows, og et latinband. Her g\u00e5r hun i samarbejde med jeres festudvalg ind og planl\u00e6gger\/afvikler hele begivenheden.<\/p>\n<p><strong>L\u00c6S MERE UNDER EVENT OG FESTER P\u00c5 DETTE SITE<\/strong><br \/>\n<a href=\"http:\/\/kettibuenoferrer.dk\/wp-content\/uploads\/2013\/07\/1017314_214054792078456_1112575328_n.jpg\"><img loading=\"lazy\" decoding=\"async\" class=\"alignleft size-medium wp-image-3986\" alt=\"1017314_214054792078456_1112575328_n\" src=\"http:\/\/kettibuenoferrer.dk\/wp-content\/uploads\/2013\/07\/1017314_214054792078456_1112575328_n-300x197.jpg\" width=\"300\" height=\"197\" srcset=\"https:\/\/kettibuenoferrer.dk\/wp-content\/uploads\/2013\/07\/1017314_214054792078456_1112575328_n-300x197.jpg 300w, https:\/\/kettibuenoferrer.dk\/wp-content\/uploads\/2013\/07\/1017314_214054792078456_1112575328_n.jpg 960w\" sizes=\"auto, (max-width: 300px) 100vw, 300px\" \/><\/a><\/p>\n<p>I er velkommen til at kontakte Ketti hvis I vil h\u00f8re mere.<br \/>\n<a title=\"HER\" href=\"http:\/\/ketti@salsavida.dk\">ketti@salsavida.dk<\/a><\/p>\n<p>Hvis I \u00f8nsker et l\u00e6ngere forl\u00f8b, s\u00e5 klik over p\u00e5 <a href=\"http:\/\/www.buenobusiness.dk\">www.buenobusiness.dk<\/a>, der kan man l\u00e6se meget mere om leder- og medarbejderudvikling.<\/p>\n","protected":false},"excerpt":{"rendered":"<p>&nbsp; PERSONALEUNDERHOLDNING\/-UDVIKLING P\u00c5 BUENO BUSINESS WWW.BUENOBUSINESS.DK\u00a0kan du l\u00e6se meget mere ogs\u00e5 om priserne. Ketti Bueno Ferrer har mange faste erhvervskunder og konsulenthuse, der tilkalder hende igen og igen, n\u00e5r et nyt team skal rystes sammen. Det kan ogs\u00e5 v\u00e6re en medarbejdergruppe som lige har brug for at blive samlet, f\u00e5 set hinanden i \u00f8jnene, grinet [&hellip;]<\/p>\n","protected":false},"author":1,"featured_media":0,"parent":0,"menu_order":0,"comment_status":"closed","ping_status":"closed","template":"","meta":{"footnotes":""},"class_list":["post-3511","page","type-page","status-publish","hentry"],"yoast_head":"<!-- This site is optimized with the Yoast SEO plugin v27.6 - https:\/\/yoast.com\/product\/yoast-seo-wordpress\/ -->\n<title>Personaleunderholdning - Ketti Bueno Ferrer<\/title>\n<meta name=\"robots\" content=\"index, follow, max-snippet:-1, max-image-preview:large, max-video-preview:-1\" \/>\n<link rel=\"canonical\" href=\"https:\/\/kettibuenoferrer.dk\/?page_id=3511\" \/>\n<meta property=\"og:locale\" content=\"da_DK\" \/>\n<meta property=\"og:type\" content=\"article\" \/>\n<meta property=\"og:title\" content=\"Personaleunderholdning - Ketti Bueno Ferrer\" \/>\n<meta property=\"og:description\" content=\"&nbsp; PERSONALEUNDERHOLDNING\/-UDVIKLING P\u00c5 BUENO BUSINESS WWW.BUENOBUSINESS.DK\u00a0kan du l\u00e6se meget mere ogs\u00e5 om priserne. Ketti Bueno Ferrer har mange faste erhvervskunder og konsulenthuse, der tilkalder hende igen og igen, n\u00e5r et nyt team skal rystes sammen. Det kan ogs\u00e5 v\u00e6re en medarbejdergruppe som lige har brug for at blive samlet, f\u00e5 set hinanden i \u00f8jnene, grinet [&hellip;]\" \/>\n<meta property=\"og:url\" content=\"https:\/\/kettibuenoferrer.dk\/?page_id=3511\" \/>\n<meta property=\"og:site_name\" content=\"Ketti Bueno Ferrer\" \/>\n<meta property=\"article:modified_time\" content=\"2014-12-17T19:18:31+00:00\" \/>\n<meta property=\"og:image\" content=\"http:\/\/kettibuenoferrer.dk\/wp-content\/uploads\/2013\/07\/PERS_UNDERHOLDN_TOP_fotos.jpg\" \/>\n<meta name=\"twitter:label1\" content=\"Estimeret l\u00e6setid\" \/>\n\t<meta name=\"twitter:data1\" content=\"3 minutter\" \/>\n<script type=\"application\/ld+json\" class=\"yoast-schema-graph\">{\"@context\":\"https:\\\/\\\/schema.org\",\"@graph\":[{\"@type\":\"WebPage\",\"@id\":\"https:\\\/\\\/kettibuenoferrer.dk\\\/?page_id=3511\",\"url\":\"https:\\\/\\\/kettibuenoferrer.dk\\\/?page_id=3511\",\"name\":\"Personaleunderholdning - Ketti Bueno Ferrer\",\"isPartOf\":{\"@id\":\"https:\\\/\\\/kettibuenoferrer.dk\\\/#website\"},\"primaryImageOfPage\":{\"@id\":\"https:\\\/\\\/kettibuenoferrer.dk\\\/?page_id=3511#primaryimage\"},\"image\":{\"@id\":\"https:\\\/\\\/kettibuenoferrer.dk\\\/?page_id=3511#primaryimage\"},\"thumbnailUrl\":\"http:\\\/\\\/kettibuenoferrer.dk\\\/wp-content\\\/uploads\\\/2013\\\/07\\\/PERS_UNDERHOLDN_TOP_fotos.jpg\",\"datePublished\":\"2013-07-05T15:10:43+00:00\",\"dateModified\":\"2014-12-17T19:18:31+00:00\",\"breadcrumb\":{\"@id\":\"https:\\\/\\\/kettibuenoferrer.dk\\\/?page_id=3511#breadcrumb\"},\"inLanguage\":\"da-DK\",\"potentialAction\":[{\"@type\":\"ReadAction\",\"target\":[\"https:\\\/\\\/kettibuenoferrer.dk\\\/?page_id=3511\"]}]},{\"@type\":\"ImageObject\",\"inLanguage\":\"da-DK\",\"@id\":\"https:\\\/\\\/kettibuenoferrer.dk\\\/?page_id=3511#primaryimage\",\"url\":\"https:\\\/\\\/kettibuenoferrer.dk\\\/wp-content\\\/uploads\\\/2013\\\/07\\\/PERS_UNDERHOLDN_TOP_fotos.jpg\",\"contentUrl\":\"https:\\\/\\\/kettibuenoferrer.dk\\\/wp-content\\\/uploads\\\/2013\\\/07\\\/PERS_UNDERHOLDN_TOP_fotos.jpg\",\"width\":1000,\"height\":532},{\"@type\":\"BreadcrumbList\",\"@id\":\"https:\\\/\\\/kettibuenoferrer.dk\\\/?page_id=3511#breadcrumb\",\"itemListElement\":[{\"@type\":\"ListItem\",\"position\":1,\"name\":\"Hjem\",\"item\":\"https:\\\/\\\/kettibuenoferrer.dk\\\/\"},{\"@type\":\"ListItem\",\"position\":2,\"name\":\"Personaleunderholdning\"}]},{\"@type\":\"WebSite\",\"@id\":\"https:\\\/\\\/kettibuenoferrer.dk\\\/#website\",\"url\":\"https:\\\/\\\/kettibuenoferrer.dk\\\/\",\"name\":\"Ketti Bueno Ferrer\",\"description\":\"Livets sovs\",\"potentialAction\":[{\"@type\":\"SearchAction\",\"target\":{\"@type\":\"EntryPoint\",\"urlTemplate\":\"https:\\\/\\\/kettibuenoferrer.dk\\\/?s={search_term_string}\"},\"query-input\":{\"@type\":\"PropertyValueSpecification\",\"valueRequired\":true,\"valueName\":\"search_term_string\"}}],\"inLanguage\":\"da-DK\"}]}<\/script>\n<!-- \/ Yoast SEO plugin. -->","yoast_head_json":{"title":"Personaleunderholdning - Ketti Bueno Ferrer","robots":{"index":"index","follow":"follow","max-snippet":"max-snippet:-1","max-image-preview":"max-image-preview:large","max-video-preview":"max-video-preview:-1"},"canonical":"https:\/\/kettibuenoferrer.dk\/?page_id=3511","og_locale":"da_DK","og_type":"article","og_title":"Personaleunderholdning - Ketti Bueno Ferrer","og_description":"&nbsp; PERSONALEUNDERHOLDNING\/-UDVIKLING P\u00c5 BUENO BUSINESS WWW.BUENOBUSINESS.DK\u00a0kan du l\u00e6se meget mere ogs\u00e5 om priserne. Ketti Bueno Ferrer har mange faste erhvervskunder og konsulenthuse, der tilkalder hende igen og igen, n\u00e5r et nyt team skal rystes sammen. Det kan ogs\u00e5 v\u00e6re en medarbejdergruppe som lige har brug for at blive samlet, f\u00e5 set hinanden i \u00f8jnene, grinet [&hellip;]","og_url":"https:\/\/kettibuenoferrer.dk\/?page_id=3511","og_site_name":"Ketti Bueno Ferrer","article_modified_time":"2014-12-17T19:18:31+00:00","og_image":[{"url":"http:\/\/kettibuenoferrer.dk\/wp-content\/uploads\/2013\/07\/PERS_UNDERHOLDN_TOP_fotos.jpg","type":"","width":"","height":""}],"twitter_misc":{"Estimeret l\u00e6setid":"3 minutter"},"schema":{"@context":"https:\/\/schema.org","@graph":[{"@type":"WebPage","@id":"https:\/\/kettibuenoferrer.dk\/?page_id=3511","url":"https:\/\/kettibuenoferrer.dk\/?page_id=3511","name":"Personaleunderholdning - Ketti Bueno Ferrer","isPartOf":{"@id":"https:\/\/kettibuenoferrer.dk\/#website"},"primaryImageOfPage":{"@id":"https:\/\/kettibuenoferrer.dk\/?page_id=3511#primaryimage"},"image":{"@id":"https:\/\/kettibuenoferrer.dk\/?page_id=3511#primaryimage"},"thumbnailUrl":"http:\/\/kettibuenoferrer.dk\/wp-content\/uploads\/2013\/07\/PERS_UNDERHOLDN_TOP_fotos.jpg","datePublished":"2013-07-05T15:10:43+00:00","dateModified":"2014-12-17T19:18:31+00:00","breadcrumb":{"@id":"https:\/\/kettibuenoferrer.dk\/?page_id=3511#breadcrumb"},"inLanguage":"da-DK","potentialAction":[{"@type":"ReadAction","target":["https:\/\/kettibuenoferrer.dk\/?page_id=3511"]}]},{"@type":"ImageObject","inLanguage":"da-DK","@id":"https:\/\/kettibuenoferrer.dk\/?page_id=3511#primaryimage","url":"https:\/\/kettibuenoferrer.dk\/wp-content\/uploads\/2013\/07\/PERS_UNDERHOLDN_TOP_fotos.jpg","contentUrl":"https:\/\/kettibuenoferrer.dk\/wp-content\/uploads\/2013\/07\/PERS_UNDERHOLDN_TOP_fotos.jpg","width":1000,"height":532},{"@type":"BreadcrumbList","@id":"https:\/\/kettibuenoferrer.dk\/?page_id=3511#breadcrumb","itemListElement":[{"@type":"ListItem","position":1,"name":"Hjem","item":"https:\/\/kettibuenoferrer.dk\/"},{"@type":"ListItem","position":2,"name":"Personaleunderholdning"}]},{"@type":"WebSite","@id":"https:\/\/kettibuenoferrer.dk\/#website","url":"https:\/\/kettibuenoferrer.dk\/","name":"Ketti Bueno Ferrer","description":"Livets sovs","potentialAction":[{"@type":"SearchAction","target":{"@type":"EntryPoint","urlTemplate":"https:\/\/kettibuenoferrer.dk\/?s={search_term_string}"},"query-input":{"@type":"PropertyValueSpecification","valueRequired":true,"valueName":"search_term_string"}}],"inLanguage":"da-DK"}]}},"_links":{"self":[{"href":"https:\/\/kettibuenoferrer.dk\/index.php?rest_route=\/wp\/v2\/pages\/3511","targetHints":{"allow":["GET"]}}],"collection":[{"href":"https:\/\/kettibuenoferrer.dk\/index.php?rest_route=\/wp\/v2\/pages"}],"about":[{"href":"https:\/\/kettibuenoferrer.dk\/index.php?rest_route=\/wp\/v2\/types\/page"}],"author":[{"embeddable":true,"href":"https:\/\/kettibuenoferrer.dk\/index.php?rest_route=\/wp\/v2\/users\/1"}],"replies":[{"embeddable":true,"href":"https:\/\/kettibuenoferrer.dk\/index.php?rest_route=%2Fwp%2Fv2%2Fcomments&post=3511"}],"version-history":[{"count":17,"href":"https:\/\/kettibuenoferrer.dk\/index.php?rest_route=\/wp\/v2\/pages\/3511\/revisions"}],"predecessor-version":[{"id":4837,"href":"https:\/\/kettibuenoferrer.dk\/index.php?rest_route=\/wp\/v2\/pages\/3511\/revisions\/4837"}],"wp:attachment":[{"href":"https:\/\/kettibuenoferrer.dk\/index.php?rest_route=%2Fwp%2Fv2%2Fmedia&parent=3511"}],"curies":[{"name":"wp","href":"https:\/\/api.w.org\/{rel}","templated":true}]}}