{"id":3588,"date":"2013-07-07T08:41:51","date_gmt":"2013-07-07T06:41:51","guid":{"rendered":"http:\/\/satellite.nu\/dev\/ketti\/?page_id=3588"},"modified":"2017-07-25T13:35:37","modified_gmt":"2017-07-25T11:35:37","slug":"vilkar-og-betingelser","status":"publish","type":"page","link":"https:\/\/kettibuenoferrer.dk\/?page_id=3588","title":{"rendered":"Vilk\u00e5r og handelsbetingelser"},"content":{"rendered":"<p>Nedenst\u00e5ende salgs- og leveringsbetingelser g\u00e6lder for alle leverancer fra kettibuenoferrer.dk. Betingelserne g\u00e6lder i det tilf\u00e6lde, hvor der ikke er indg\u00e5et andre skriftlige aftaler mellem dig som k\u00f8ber og Ketti Bueno Ferrer.<\/p>\n<p>Ketti Bueno Ferrer. Havana p\u00e5 Amager,\u00a0 Amagerbrogade 30. 4 TV. 2300 K\u00f8benhavn S. Danmark.\u00a0E-mail:<a href=\"mailto:info@kettibuenoferrer.dk\">info@kettibuenoferrer.dk<\/a>\u00a0\u00a0Webside: www.kettibuenoferrer.\u00a0Telefon 2575 1485<\/p>\n<p><strong>CVR-nr: 27152694<\/strong><\/p>\n<p><strong>Bankoplysninger:<\/strong>\u00a0Reg: 3103 kontonr: 3103277183<\/p>\n<p><b>Tilmelding<\/b><br \/>\nSom udgangspunkt er tilmeldingen bindende. Dog forbeholder Ketti Bueno Ferrer sig retten til at annullere en tilmelding og i den forbindelse tilbagebetale kunden det fulde indbetalte bel\u00f8b, hvis det sk\u00f8nnes at der er gyldig grund til dette.<\/p>\n<p>N\u00e5r du har k\u00f8bt en vare\/ydelse i butikken, s\u00e5 send en mail til <a href=\"mailto:info@kettibuenoferrer.dk\">info@kettibuenoferrer.dk<\/a> og s\u00e5 aftaler vi en tid indenfor max 90 dage hvor du indfrier den.<\/p>\n<p><b>Pris og betaling<\/b><\/p>\n<p>I denne butik kan du bestille og betale dine varer online. Alle transaktionsgebyrer bliver betalt af Ketti Bueno Ferrer. Priserne p\u00e5 varerne er faste og kan ikke forhandles. Det er kun muligt at benytte de betalingskort der er vist i betalingsvinduet.<\/p>\n<p><b>Fortrydelsesret\u00a0<\/b><\/p>\n<p><em id=\"__mceDel\"> <b>Ketti Bueno Ferrer yder ingen fortrydelsesret.<br \/>\nN\u00e5r betalingen for en vare er g\u00e5et igennem er den k\u00f8bt og k\u00f8bet er bindende.<\/b><\/em><\/p>\n<p><b>Hvad g\u00f8r vi med dine personlige oplysninger (persondatapolitik)<\/b><br \/>\nFor at du kan handle p\u00e5 <a href=\"http:\/\/kettibuenoferrer.dk\/\">kettibuenoferrer.dk<\/a>, har vi brug for f\u00f8lgende oplysninger:<\/p>\n<p>\u00b7\u00a0\u00a0\u00a0\u00a0\u00a0\u00a0\u00a0\u00a0\u00a0\u00a0Navn<\/p>\n<p>\u00b7\u00a0\u00a0\u00a0\u00a0\u00a0\u00a0\u00a0\u00a0\u00a0\u00a0Adresse<\/p>\n<p>\u00b7\u00a0\u00a0\u00a0\u00a0\u00a0\u00a0\u00a0\u00a0\u00a0\u00a0Telefonnummer<\/p>\n<p>\u00b7\u00a0\u00a0\u00a0\u00a0\u00a0\u00a0\u00a0\u00a0\u00a0\u00a0E-mail adresse<\/p>\n<p>Vi foretager registreringen af dine personoplysninger med det form\u00e5l, at kunne levere varen til dig.<\/p>\n<p>Personoplysningerne registreres hos Ketti Bueno Ferrer og opbevares i fem \u00e5r, hvorefter oplysningerne slettes.<\/p>\n<p>N\u00e5r der indsamles personoplysninger via vores website, sikrer vi, at det altid sker ved afgivelse af dit udtrykkelige samtykke, s\u00e5ledes at du er informeret om pr\u00e6cis, hvilke oplysninger, der indsamles og hvorfor.<\/p>\n<p>Vi opbevarer ikke kundeoplysninger krypteret.<\/p>\n<p>Vi transmitterer ikke kundeoplysninger krypteret.<\/p>\n<p>Oplysninger afgivet til Ketti Bueno Ferrer videregives eller s\u00e6lges p\u00e5 ingen m\u00e5de videre til tredjemand, og vi registrerer ingen personf\u00f8lsomme oplysninger.<\/p>\n<p>Som registreret kunde, hos Ketti Bueno Ferrer, har du altid ret til at g\u00f8re indsigelse mod registreringen. Du har ogs\u00e5 ret til indsigt i, hvilke oplysninger, der er registreret om dig. Disse rettigheder har du efter Persondataloven og henvendelse i forbindelse hermed rettes til Ketti Bueno Ferrer via e-mail info<a href=\"mailto:kontakt@cykelhjelm.com\">@<\/a>kettibuenoferrer.dk.<\/p>\n<p><b>Cookies<\/b><\/p>\n<p><b>P\u00e5 <\/b><a href=\"http:\/\/kettibuenoferrer.dk\/\"><b>kettibuenoferrer.dk<\/b><\/a><b>\u00a0anvendes cookies\u00a0med det form\u00e5l at optimere websitet og dets funktionalitet, og dermed g\u00f8re bes\u00f8get s\u00e5 nemt som muligt for dig.<br \/>\nDu\u00a0kan til enhver tid slette cookies fra din computer, hvordan afh\u00e6nger af din browser.<\/b><\/p>\n<p><b>Logstatistik<\/b><\/p>\n<p>Vi bruger en logstatistik p\u00e5 kettibuenoferrer<a href=\"http:\/\/salsavida.dk\/\">.dk<\/a>, hvilket betyder, at et statistik-system opsamler information, som kan give et statistisk billede af, hvor mange bes\u00f8gende vi har, hvor de kommer fra og hvor p\u00e5 websitet det forlades mv.<\/p>\n<p>Logstatistikken anvendes kun med det form\u00e5l, at optimere kettibuenoferrer<a href=\"http:\/\/salsavida.dk\/\">.dk<\/a>.<\/p>\n","protected":false},"excerpt":{"rendered":"<p>Nedenst\u00e5ende salgs- og leveringsbetingelser g\u00e6lder for alle leverancer fra kettibuenoferrer.dk. Betingelserne g\u00e6lder i det tilf\u00e6lde, hvor der ikke er indg\u00e5et andre skriftlige aftaler mellem dig som k\u00f8ber og Ketti Bueno Ferrer. Ketti Bueno Ferrer. Havana p\u00e5 Amager,\u00a0 Amagerbrogade 30. 4 TV. 2300 K\u00f8benhavn S. Danmark.\u00a0E-mail:info@kettibuenoferrer.dk\u00a0\u00a0Webside: www.kettibuenoferrer.\u00a0Telefon 2575 1485 CVR-nr: 27152694 Bankoplysninger:\u00a0Reg: 3103 kontonr: 3103277183 Tilmelding [&hellip;]<\/p>\n","protected":false},"author":2,"featured_media":0,"parent":0,"menu_order":0,"comment_status":"closed","ping_status":"closed","template":"","meta":{"footnotes":""},"class_list":["post-3588","page","type-page","status-publish","hentry"],"yoast_head":"<!-- This site is optimized with the Yoast SEO plugin v27.6 - https:\/\/yoast.com\/product\/yoast-seo-wordpress\/ -->\n<title>Vilk\u00e5r og handelsbetingelser - Ketti Bueno Ferrer<\/title>\n<meta name=\"robots\" content=\"index, follow, max-snippet:-1, max-image-preview:large, max-video-preview:-1\" \/>\n<link rel=\"canonical\" href=\"https:\/\/kettibuenoferrer.dk\/?page_id=3588\" \/>\n<meta property=\"og:locale\" content=\"da_DK\" \/>\n<meta property=\"og:type\" content=\"article\" \/>\n<meta property=\"og:title\" content=\"Vilk\u00e5r og handelsbetingelser - Ketti Bueno Ferrer\" \/>\n<meta property=\"og:description\" content=\"Nedenst\u00e5ende salgs- og leveringsbetingelser g\u00e6lder for alle leverancer fra kettibuenoferrer.dk. Betingelserne g\u00e6lder i det tilf\u00e6lde, hvor der ikke er indg\u00e5et andre skriftlige aftaler mellem dig som k\u00f8ber og Ketti Bueno Ferrer. Ketti Bueno Ferrer. Havana p\u00e5 Amager,\u00a0 Amagerbrogade 30. 4 TV. 2300 K\u00f8benhavn S. Danmark.\u00a0E-mail:info@kettibuenoferrer.dk\u00a0\u00a0Webside: www.kettibuenoferrer.\u00a0Telefon 2575 1485 CVR-nr: 27152694 Bankoplysninger:\u00a0Reg: 3103 kontonr: 3103277183 Tilmelding [&hellip;]\" \/>\n<meta property=\"og:url\" content=\"https:\/\/kettibuenoferrer.dk\/?page_id=3588\" \/>\n<meta property=\"og:site_name\" content=\"Ketti Bueno Ferrer\" \/>\n<meta property=\"article:modified_time\" content=\"2017-07-25T11:35:37+00:00\" \/>\n<meta property=\"og:image\" content=\"https:\/\/kettibuenoferrer.dk\/wp-content\/uploads\/2021\/07\/Clairvoyance_fb.jpg\" \/>\n\t<meta property=\"og:image:width\" content=\"820\" \/>\n\t<meta property=\"og:image:height\" content=\"312\" \/>\n\t<meta property=\"og:image:type\" content=\"image\/jpeg\" \/>\n<meta name=\"twitter:label1\" content=\"Estimeret l\u00e6setid\" \/>\n\t<meta name=\"twitter:data1\" content=\"2 minutter\" \/>\n<script type=\"application\/ld+json\" class=\"yoast-schema-graph\">{\"@context\":\"https:\\\/\\\/schema.org\",\"@graph\":[{\"@type\":\"WebPage\",\"@id\":\"https:\\\/\\\/kettibuenoferrer.dk\\\/?page_id=3588\",\"url\":\"https:\\\/\\\/kettibuenoferrer.dk\\\/?page_id=3588\",\"name\":\"Vilk\u00e5r og handelsbetingelser - Ketti Bueno Ferrer\",\"isPartOf\":{\"@id\":\"https:\\\/\\\/kettibuenoferrer.dk\\\/#website\"},\"datePublished\":\"2013-07-07T06:41:51+00:00\",\"dateModified\":\"2017-07-25T11:35:37+00:00\",\"breadcrumb\":{\"@id\":\"https:\\\/\\\/kettibuenoferrer.dk\\\/?page_id=3588#breadcrumb\"},\"inLanguage\":\"da-DK\",\"potentialAction\":[{\"@type\":\"ReadAction\",\"target\":[\"https:\\\/\\\/kettibuenoferrer.dk\\\/?page_id=3588\"]}]},{\"@type\":\"BreadcrumbList\",\"@id\":\"https:\\\/\\\/kettibuenoferrer.dk\\\/?page_id=3588#breadcrumb\",\"itemListElement\":[{\"@type\":\"ListItem\",\"position\":1,\"name\":\"Hjem\",\"item\":\"https:\\\/\\\/kettibuenoferrer.dk\\\/\"},{\"@type\":\"ListItem\",\"position\":2,\"name\":\"Vilk\u00e5r og handelsbetingelser\"}]},{\"@type\":\"WebSite\",\"@id\":\"https:\\\/\\\/kettibuenoferrer.dk\\\/#website\",\"url\":\"https:\\\/\\\/kettibuenoferrer.dk\\\/\",\"name\":\"Ketti Bueno Ferrer\",\"description\":\"Livets sovs\",\"potentialAction\":[{\"@type\":\"SearchAction\",\"target\":{\"@type\":\"EntryPoint\",\"urlTemplate\":\"https:\\\/\\\/kettibuenoferrer.dk\\\/?s={search_term_string}\"},\"query-input\":{\"@type\":\"PropertyValueSpecification\",\"valueRequired\":true,\"valueName\":\"search_term_string\"}}],\"inLanguage\":\"da-DK\"}]}<\/script>\n<!-- \/ Yoast SEO plugin. -->","yoast_head_json":{"title":"Vilk\u00e5r og handelsbetingelser - Ketti Bueno Ferrer","robots":{"index":"index","follow":"follow","max-snippet":"max-snippet:-1","max-image-preview":"max-image-preview:large","max-video-preview":"max-video-preview:-1"},"canonical":"https:\/\/kettibuenoferrer.dk\/?page_id=3588","og_locale":"da_DK","og_type":"article","og_title":"Vilk\u00e5r og handelsbetingelser - Ketti Bueno Ferrer","og_description":"Nedenst\u00e5ende salgs- og leveringsbetingelser g\u00e6lder for alle leverancer fra kettibuenoferrer.dk. Betingelserne g\u00e6lder i det tilf\u00e6lde, hvor der ikke er indg\u00e5et andre skriftlige aftaler mellem dig som k\u00f8ber og Ketti Bueno Ferrer. Ketti Bueno Ferrer. Havana p\u00e5 Amager,\u00a0 Amagerbrogade 30. 4 TV. 2300 K\u00f8benhavn S. Danmark.\u00a0E-mail:info@kettibuenoferrer.dk\u00a0\u00a0Webside: www.kettibuenoferrer.\u00a0Telefon 2575 1485 CVR-nr: 27152694 Bankoplysninger:\u00a0Reg: 3103 kontonr: 3103277183 Tilmelding [&hellip;]","og_url":"https:\/\/kettibuenoferrer.dk\/?page_id=3588","og_site_name":"Ketti Bueno Ferrer","article_modified_time":"2017-07-25T11:35:37+00:00","og_image":[{"width":820,"height":312,"url":"https:\/\/kettibuenoferrer.dk\/wp-content\/uploads\/2021\/07\/Clairvoyance_fb.jpg","type":"image\/jpeg"}],"twitter_misc":{"Estimeret l\u00e6setid":"2 minutter"},"schema":{"@context":"https:\/\/schema.org","@graph":[{"@type":"WebPage","@id":"https:\/\/kettibuenoferrer.dk\/?page_id=3588","url":"https:\/\/kettibuenoferrer.dk\/?page_id=3588","name":"Vilk\u00e5r og handelsbetingelser - Ketti Bueno Ferrer","isPartOf":{"@id":"https:\/\/kettibuenoferrer.dk\/#website"},"datePublished":"2013-07-07T06:41:51+00:00","dateModified":"2017-07-25T11:35:37+00:00","breadcrumb":{"@id":"https:\/\/kettibuenoferrer.dk\/?page_id=3588#breadcrumb"},"inLanguage":"da-DK","potentialAction":[{"@type":"ReadAction","target":["https:\/\/kettibuenoferrer.dk\/?page_id=3588"]}]},{"@type":"BreadcrumbList","@id":"https:\/\/kettibuenoferrer.dk\/?page_id=3588#breadcrumb","itemListElement":[{"@type":"ListItem","position":1,"name":"Hjem","item":"https:\/\/kettibuenoferrer.dk\/"},{"@type":"ListItem","position":2,"name":"Vilk\u00e5r og handelsbetingelser"}]},{"@type":"WebSite","@id":"https:\/\/kettibuenoferrer.dk\/#website","url":"https:\/\/kettibuenoferrer.dk\/","name":"Ketti Bueno Ferrer","description":"Livets sovs","potentialAction":[{"@type":"SearchAction","target":{"@type":"EntryPoint","urlTemplate":"https:\/\/kettibuenoferrer.dk\/?s={search_term_string}"},"query-input":{"@type":"PropertyValueSpecification","valueRequired":true,"valueName":"search_term_string"}}],"inLanguage":"da-DK"}]}},"_links":{"self":[{"href":"https:\/\/kettibuenoferrer.dk\/index.php?rest_route=\/wp\/v2\/pages\/3588","targetHints":{"allow":["GET"]}}],"collection":[{"href":"https:\/\/kettibuenoferrer.dk\/index.php?rest_route=\/wp\/v2\/pages"}],"about":[{"href":"https:\/\/kettibuenoferrer.dk\/index.php?rest_route=\/wp\/v2\/types\/page"}],"author":[{"embeddable":true,"href":"https:\/\/kettibuenoferrer.dk\/index.php?rest_route=\/wp\/v2\/users\/2"}],"replies":[{"embeddable":true,"href":"https:\/\/kettibuenoferrer.dk\/index.php?rest_route=%2Fwp%2Fv2%2Fcomments&post=3588"}],"version-history":[{"count":22,"href":"https:\/\/kettibuenoferrer.dk\/index.php?rest_route=\/wp\/v2\/pages\/3588\/revisions"}],"predecessor-version":[{"id":5036,"href":"https:\/\/kettibuenoferrer.dk\/index.php?rest_route=\/wp\/v2\/pages\/3588\/revisions\/5036"}],"wp:attachment":[{"href":"https:\/\/kettibuenoferrer.dk\/index.php?rest_route=%2Fwp%2Fv2%2Fmedia&parent=3588"}],"curies":[{"name":"wp","href":"https:\/\/api.w.org\/{rel}","templated":true}]}}