{"id":367,"date":"2013-01-30T20:04:58","date_gmt":"2013-01-30T18:04:58","guid":{"rendered":"http:\/\/www.mnkystudio.com\/theme-10\/?page_id=367"},"modified":"2021-09-05T07:26:53","modified_gmt":"2021-09-05T05:26:53","slug":"about-us","status":"publish","type":"page","link":"https:\/\/kettibuenoferrer.dk\/?page_id=367","title":{"rendered":"M\u00f8d Ketti"},"content":{"rendered":"<p><a href=\"http:\/\/kettibuenoferrer.dk\/wp-content\/uploads\/2019\/02\/52016138_10156040543642314_6287532109288439808_n.jpg\"><img loading=\"lazy\" decoding=\"async\" class=\"alignnone wp-image-5165 size-full\" src=\"http:\/\/kettibuenoferrer.dk\/wp-content\/uploads\/2019\/02\/52016138_10156040543642314_6287532109288439808_n.jpg\" alt=\"\" width=\"960\" height=\"510\" srcset=\"https:\/\/kettibuenoferrer.dk\/wp-content\/uploads\/2019\/02\/52016138_10156040543642314_6287532109288439808_n.jpg 960w, https:\/\/kettibuenoferrer.dk\/wp-content\/uploads\/2019\/02\/52016138_10156040543642314_6287532109288439808_n-300x159.jpg 300w, https:\/\/kettibuenoferrer.dk\/wp-content\/uploads\/2019\/02\/52016138_10156040543642314_6287532109288439808_n-768x408.jpg 768w, https:\/\/kettibuenoferrer.dk\/wp-content\/uploads\/2019\/02\/52016138_10156040543642314_6287532109288439808_n-500x266.jpg 500w\" sizes=\"auto, (max-width: 960px) 100vw, 960px\" \/><\/a><a href=\"http:\/\/kettibuenoferrer.dk\/wp-content\/uploads\/2013\/01\/M\u00f8d_Ketti_TOP_fotos.jpg\"><br \/>\n<\/a>[heading]M\u00f8d Ketti[\/heading]<\/p>\n<p>&#8230;&#8230;&#8230;&#8230;&#8230;&#8230;&#8230;&#8230;&#8230;..<\/p>\n<p>Jeg er Ketti Bueno Ferrer. Uddannet skuespiller og danser i ind- og udland. Jeg er tr\u00e6ner i kommunikation og personlig gennemslagskraft og er uddannet Clairvoyant. Og selvf\u00f8lig i den cubanske kultur og de cubanske danse. Jeg har rejst hele mit liv, har familie i mange lande og arbejder b\u00e5de i Danmark og i udlandet.<\/p>\n<p>Og jeg gl\u00e6der mig til at m\u00f8de dig, enten her i Havana p\u00e5 Amager til en eller flere sittings med clairvoyance r\u00e5dgivning. Som din leder coach og performance tr\u00e6ner gennem din arbejdsplads, eller fordi du arrangerer en hjertelig polterabend eller netv\u00e6rksaften for dit netv\u00e6rk eller veninder, eller igen fordi du booker privattimer til dig selv og eller din partner i Salsa og Samh\u00f8righed.<\/p>\n<p>Eller p\u00e5 min salsaskole Salsa Vida, til en af vores fester, koncerter eller rejser til \u00c6r\u00f8 eller Cuba.<\/p>\n<p>Eller m\u00e5ske p\u00e5 din arbejdsplads til en dag, der handler om dig og om jer som team og med disse 3 omr\u00e5der som omdrejningspunkt:<\/p>\n<div class=\"\"><span class=\"\"><b class=\"\">Workshop 1: Mit Cuba, ca 1 time eller halvanden eller 2.<\/b><\/span><\/div>\n<div class=\"\"><span class=\"\">\u00a0<\/span><\/div>\n<div class=\"\"><span class=\"\">Cuba, Kvinden, Manden, Nydelsen, Salsaen, Cigaren, Livsgl\u00e6den, Anerkendelsen, Respekten og Rommen.<\/span><\/div>\n<div class=\"\"><span class=\"\">\u00a0<\/span><\/div>\n<div class=\"\"><span class=\"\"><b class=\"\">Stikord:<\/b><\/span><span class=\"\"> Samh\u00f8righed, v\u00e6rdighed, f\u00e6llesskabet, hjertekontaktet\/kontrakten, \u201clime jer sammen\u201d i sj\u00e6len, kroppen og hjertet, dansen, musikken, kropsligheden, LATTEREN, flirten, charmen, sanseligheden, tr\u00e6ning i maskulinitet og kvindelighed, ber\u00f8ringen, Rom ceremoni.<\/span><\/div>\n<div class=\"\"><span class=\"\">\u00a0<\/span><\/div>\n<div class=\"\"><span class=\"\"><b class=\"\">Skal bruge<\/b><\/span><span class=\"\">: musikanl\u00e6g med god lyd og et Jackstik, hyggelig belysning, \u201cdansegulv\u201d med plads til at vi parvis kan st\u00e5 i en rundkreds. Masser af vand, vi f\u00e5r det m\u00e5ske varmt, et par flasker rom, sm\u00e5 romglas &#8211; og hvis i vil give den gas s\u00e5 en cigar til efter dansen. <\/span><span class=\"\"><b class=\"\">DRESSCODE<\/b><\/span><span class=\"\">: m\u00e6nd i l\u00e6kre skjorter, m\u00e5ske str\u00e5hat, dufte af aftershave, en klud i baglomme til at duppe deres pander og kvindernes kavalergange. Kvinderne kjoler, blomster i h\u00e5ret, l\u00e6bestift, parfume, smykker, sko med lidt h\u00e6l.<\/span><\/div>\n<div class=\"\"><span class=\"\">\u00a0<\/span><\/div>\n<div class=\"\"><b class=\"\">Workshop 2: Teater, ca 1 time. <\/b><span class=\"\">T\u00f8j du f\u00f8ler dig godt\u00a0tilpas\u00a0i.<\/span><\/div>\n<div class=\"\"><b class=\"\">Skal bruge: <\/b><span class=\"\">En ops\u00e6tning af stole i en rundkreds, guldplads, frisk vand til alle og lydanl\u00e6g &#8211; til begge workshops.<\/span><\/div>\n<div class=\"\"><b class=\"\">\u00a0<\/b><\/div>\n<div class=\"\"><b class=\"\">To Be or Not To Be.<\/b><\/div>\n<div class=\"\"><b class=\"\">\u00a0<\/b><\/div>\n<div class=\"\"><span class=\"\">Teknikker og \u00f8velser fra en skuespillers h\u00e5ndtaske i at v\u00e6re &#8211; sig selv og derfor sin faglighed.\u00a0<\/span><\/div>\n<div class=\"\"><span class=\"\">\u00a0<\/span><\/div>\n<div class=\"\"><span class=\"\"><b class=\"\">Stikord: <\/b><\/span><span class=\"\">Centrering, grounding, at t\u00e6nde og slukke sit spotlys, kropssproget, hvad fort\u00e6ller kroppen om dig, at have en fest med at v\u00e6re p\u00e5 \u00a0uden at br\u00e6nde ud. Dig og dine virkemidler. At fyrer sit ego og ens behov for at v\u00e6re 100% i kontrol og styring og at tr\u00e6de i karakter i stedet som sig selv, bruge sig selv i sin faglighed og i at f\u00e5 folk med sig og ikke med sig.<\/span><\/div>\n<div class=\"\"><span class=\"\">\u00a0<\/span><\/div>\n<div class=\"\"><span class=\"\">\u00a0<\/span><\/div>\n<div class=\"\">\n<div class=\"\"><b class=\"\">Workshop 3: Clairvoyance r\u00e5dgivning, ca en time. <\/b><span class=\"\">H<\/span><span class=\"\">vordan kan du bruge det og til hvad. .<\/span><\/div>\n<div class=\"\"><b class=\"\">\u00a0<\/b><\/div>\n<div class=\"\"><span class=\"\"><b class=\"\">At m\u00e6rke og reagerer p\u00e5 der man m\u00e6rker.<\/b><\/span><\/div>\n<div class=\"\"><span class=\"\"><b class=\"\">\u00a0<\/b><\/span><\/div>\n<div class=\"\"><span class=\"\">Verden har forandre sig is\u00e6r efter Covid-19, mennesker v\u00e6rdis\u00e6t er taget op til\u00a0revurdering og arbejdspladserne er pined\u00f8d n\u00f8dt til at f\u00f8lge med.<\/span><\/div>\n<div class=\"\"><span class=\"\">\u00a0<\/span><\/div>\n<div class=\"\"><span class=\"\">Vidensamfundet, traditioner, \u201cplejer\u201d, og ren mental styring og kontrol bliver mere og mere supplerede af kvaliteter som \u201cat m\u00e6rke\u201d \u201cbruge sin intuition\u201d, \u201cf\u00e5r jeg energi af mit arbejde og dem jeg arbejder for og med, eller bliver jeg dr\u00e6net\u201d. Der bliver talt om spiritualitet, energi, hjertekontakt og sj\u00e6lefred &#8211; oversat: n\u00e5r man kan m\u00e6rke det, giver det mening. Det bliver hverdag at m\u00e6rke efter og handle p\u00e5 det man m\u00e6rker, sin mavefornemmelse. Vi vil udvikle os som mennesker. Vi vil anerkendes og respekteres og b\u00e5de vores menneskelige og faglighed kvalitet vil vi have i spil, ogs\u00e5 i vores arbejdsliv &#8211; vi vil h\u00f8res og bruges og m\u00e6rkes. Det skal betyde noget for os selv og for andre det arbejde vi udf\u00f8rer.\u00a0<\/span><\/div>\n<div class=\"\"><span class=\"\">\u00a0<\/span><\/div>\n<div class=\"\"><span class=\"\"><b class=\"\">Stikord:<\/b><\/span><span class=\"\"> Identitet, at v\u00e6re en andre kan m\u00e6rke, at bruge spiritualiteten ogs\u00e5 i sit arbejde til at skabe v\u00e6rdi og tilh\u00f8rsforhold, personlig udvikling, arbejdspladsen\u00a0\u201c\u00e5nd\u201d, at have sit hjerte med, f\u00f8lge sin mavefornemmelse, itales\u00e6tte det man ser og is\u00e6r m\u00e6rker fra andre, itales\u00e6tte elefanten i rummet,\u00a0adf\u00e6rds\u00e6ndring, arbejdspladser ledet med hjertet, fornemmelse for andre, at tage energien alvorligt<\/span><\/div>\n<\/div>\n<p>&nbsp;<\/p>\n<p>Ketti Bueno Ferrer er forfatter til bogen &#8220;En kvindes guide til at Nyde livet&#8221;.<\/p>\n<p><a href=\"http:\/\/kettibuenoferrer.dk\/wp-content\/uploads\/2013\/01\/MG_4249.gif\"><img loading=\"lazy\" decoding=\"async\" class=\"alignleft size-medium wp-image-3977\" src=\"http:\/\/kettibuenoferrer.dk\/wp-content\/uploads\/2013\/01\/MG_4249-300x252.gif\" alt=\"_MG_4249\" width=\"300\" height=\"252\" \/><\/a><\/p>\n","protected":false},"excerpt":{"rendered":"<p>[heading]M\u00f8d Ketti[\/heading] &#8230;&#8230;&#8230;&#8230;&#8230;&#8230;&#8230;&#8230;&#8230;.. Jeg er Ketti Bueno Ferrer. Uddannet skuespiller og danser i ind- og udland. Jeg er tr\u00e6ner i kommunikation og personlig gennemslagskraft og er uddannet Clairvoyant. Og selvf\u00f8lig i den cubanske kultur og de cubanske danse. Jeg har rejst hele mit liv, har familie i mange lande og arbejder b\u00e5de i Danmark og [&hellip;]<\/p>\n","protected":false},"author":1,"featured_media":0,"parent":0,"menu_order":0,"comment_status":"closed","ping_status":"closed","template":"","meta":{"footnotes":""},"class_list":["post-367","page","type-page","status-publish","hentry"],"yoast_head":"<!-- This site is optimized with the Yoast SEO plugin v27.4 - https:\/\/yoast.com\/product\/yoast-seo-wordpress\/ -->\n<title>M\u00f8d Ketti - Ketti Bueno Ferrer<\/title>\n<meta name=\"robots\" content=\"index, follow, max-snippet:-1, max-image-preview:large, max-video-preview:-1\" \/>\n<link rel=\"canonical\" href=\"https:\/\/kettibuenoferrer.dk\/?page_id=367\" \/>\n<meta property=\"og:locale\" content=\"da_DK\" \/>\n<meta property=\"og:type\" content=\"article\" \/>\n<meta property=\"og:title\" content=\"M\u00f8d Ketti - Ketti Bueno Ferrer\" \/>\n<meta property=\"og:description\" content=\"[heading]M\u00f8d Ketti[\/heading] &#8230;&#8230;&#8230;&#8230;&#8230;&#8230;&#8230;&#8230;&#8230;.. Jeg er Ketti Bueno Ferrer. Uddannet skuespiller og danser i ind- og udland. Jeg er tr\u00e6ner i kommunikation og personlig gennemslagskraft og er uddannet Clairvoyant. Og selvf\u00f8lig i den cubanske kultur og de cubanske danse. Jeg har rejst hele mit liv, har familie i mange lande og arbejder b\u00e5de i Danmark og [&hellip;]\" \/>\n<meta property=\"og:url\" content=\"https:\/\/kettibuenoferrer.dk\/?page_id=367\" \/>\n<meta property=\"og:site_name\" content=\"Ketti Bueno Ferrer\" \/>\n<meta property=\"article:modified_time\" content=\"2021-09-05T05:26:53+00:00\" \/>\n<meta property=\"og:image\" content=\"http:\/\/kettibuenoferrer.dk\/wp-content\/uploads\/2019\/02\/52016138_10156040543642314_6287532109288439808_n.jpg\" \/>\n<meta name=\"twitter:label1\" content=\"Estimeret l\u00e6setid\" \/>\n\t<meta name=\"twitter:data1\" content=\"4 minutter\" \/>\n<script type=\"application\/ld+json\" class=\"yoast-schema-graph\">{\"@context\":\"https:\\\/\\\/schema.org\",\"@graph\":[{\"@type\":\"WebPage\",\"@id\":\"https:\\\/\\\/kettibuenoferrer.dk\\\/?page_id=367\",\"url\":\"https:\\\/\\\/kettibuenoferrer.dk\\\/?page_id=367\",\"name\":\"M\u00f8d Ketti - Ketti Bueno Ferrer\",\"isPartOf\":{\"@id\":\"https:\\\/\\\/kettibuenoferrer.dk\\\/#website\"},\"primaryImageOfPage\":{\"@id\":\"https:\\\/\\\/kettibuenoferrer.dk\\\/?page_id=367#primaryimage\"},\"image\":{\"@id\":\"https:\\\/\\\/kettibuenoferrer.dk\\\/?page_id=367#primaryimage\"},\"thumbnailUrl\":\"http:\\\/\\\/kettibuenoferrer.dk\\\/wp-content\\\/uploads\\\/2019\\\/02\\\/52016138_10156040543642314_6287532109288439808_n.jpg\",\"datePublished\":\"2013-01-30T18:04:58+00:00\",\"dateModified\":\"2021-09-05T05:26:53+00:00\",\"breadcrumb\":{\"@id\":\"https:\\\/\\\/kettibuenoferrer.dk\\\/?page_id=367#breadcrumb\"},\"inLanguage\":\"da-DK\",\"potentialAction\":[{\"@type\":\"ReadAction\",\"target\":[\"https:\\\/\\\/kettibuenoferrer.dk\\\/?page_id=367\"]}]},{\"@type\":\"ImageObject\",\"inLanguage\":\"da-DK\",\"@id\":\"https:\\\/\\\/kettibuenoferrer.dk\\\/?page_id=367#primaryimage\",\"url\":\"https:\\\/\\\/kettibuenoferrer.dk\\\/wp-content\\\/uploads\\\/2019\\\/02\\\/52016138_10156040543642314_6287532109288439808_n.jpg\",\"contentUrl\":\"https:\\\/\\\/kettibuenoferrer.dk\\\/wp-content\\\/uploads\\\/2019\\\/02\\\/52016138_10156040543642314_6287532109288439808_n.jpg\",\"width\":960,\"height\":510},{\"@type\":\"BreadcrumbList\",\"@id\":\"https:\\\/\\\/kettibuenoferrer.dk\\\/?page_id=367#breadcrumb\",\"itemListElement\":[{\"@type\":\"ListItem\",\"position\":1,\"name\":\"Hjem\",\"item\":\"https:\\\/\\\/kettibuenoferrer.dk\\\/\"},{\"@type\":\"ListItem\",\"position\":2,\"name\":\"M\u00f8d Ketti\"}]},{\"@type\":\"WebSite\",\"@id\":\"https:\\\/\\\/kettibuenoferrer.dk\\\/#website\",\"url\":\"https:\\\/\\\/kettibuenoferrer.dk\\\/\",\"name\":\"Ketti Bueno Ferrer\",\"description\":\"Livets sovs\",\"potentialAction\":[{\"@type\":\"SearchAction\",\"target\":{\"@type\":\"EntryPoint\",\"urlTemplate\":\"https:\\\/\\\/kettibuenoferrer.dk\\\/?s={search_term_string}\"},\"query-input\":{\"@type\":\"PropertyValueSpecification\",\"valueRequired\":true,\"valueName\":\"search_term_string\"}}],\"inLanguage\":\"da-DK\"}]}<\/script>\n<!-- \/ Yoast SEO plugin. -->","yoast_head_json":{"title":"M\u00f8d Ketti - Ketti Bueno Ferrer","robots":{"index":"index","follow":"follow","max-snippet":"max-snippet:-1","max-image-preview":"max-image-preview:large","max-video-preview":"max-video-preview:-1"},"canonical":"https:\/\/kettibuenoferrer.dk\/?page_id=367","og_locale":"da_DK","og_type":"article","og_title":"M\u00f8d Ketti - Ketti Bueno Ferrer","og_description":"[heading]M\u00f8d Ketti[\/heading] &#8230;&#8230;&#8230;&#8230;&#8230;&#8230;&#8230;&#8230;&#8230;.. Jeg er Ketti Bueno Ferrer. Uddannet skuespiller og danser i ind- og udland. Jeg er tr\u00e6ner i kommunikation og personlig gennemslagskraft og er uddannet Clairvoyant. Og selvf\u00f8lig i den cubanske kultur og de cubanske danse. Jeg har rejst hele mit liv, har familie i mange lande og arbejder b\u00e5de i Danmark og [&hellip;]","og_url":"https:\/\/kettibuenoferrer.dk\/?page_id=367","og_site_name":"Ketti Bueno Ferrer","article_modified_time":"2021-09-05T05:26:53+00:00","og_image":[{"url":"http:\/\/kettibuenoferrer.dk\/wp-content\/uploads\/2019\/02\/52016138_10156040543642314_6287532109288439808_n.jpg","type":"","width":"","height":""}],"twitter_misc":{"Estimeret l\u00e6setid":"4 minutter"},"schema":{"@context":"https:\/\/schema.org","@graph":[{"@type":"WebPage","@id":"https:\/\/kettibuenoferrer.dk\/?page_id=367","url":"https:\/\/kettibuenoferrer.dk\/?page_id=367","name":"M\u00f8d Ketti - Ketti Bueno Ferrer","isPartOf":{"@id":"https:\/\/kettibuenoferrer.dk\/#website"},"primaryImageOfPage":{"@id":"https:\/\/kettibuenoferrer.dk\/?page_id=367#primaryimage"},"image":{"@id":"https:\/\/kettibuenoferrer.dk\/?page_id=367#primaryimage"},"thumbnailUrl":"http:\/\/kettibuenoferrer.dk\/wp-content\/uploads\/2019\/02\/52016138_10156040543642314_6287532109288439808_n.jpg","datePublished":"2013-01-30T18:04:58+00:00","dateModified":"2021-09-05T05:26:53+00:00","breadcrumb":{"@id":"https:\/\/kettibuenoferrer.dk\/?page_id=367#breadcrumb"},"inLanguage":"da-DK","potentialAction":[{"@type":"ReadAction","target":["https:\/\/kettibuenoferrer.dk\/?page_id=367"]}]},{"@type":"ImageObject","inLanguage":"da-DK","@id":"https:\/\/kettibuenoferrer.dk\/?page_id=367#primaryimage","url":"https:\/\/kettibuenoferrer.dk\/wp-content\/uploads\/2019\/02\/52016138_10156040543642314_6287532109288439808_n.jpg","contentUrl":"https:\/\/kettibuenoferrer.dk\/wp-content\/uploads\/2019\/02\/52016138_10156040543642314_6287532109288439808_n.jpg","width":960,"height":510},{"@type":"BreadcrumbList","@id":"https:\/\/kettibuenoferrer.dk\/?page_id=367#breadcrumb","itemListElement":[{"@type":"ListItem","position":1,"name":"Hjem","item":"https:\/\/kettibuenoferrer.dk\/"},{"@type":"ListItem","position":2,"name":"M\u00f8d Ketti"}]},{"@type":"WebSite","@id":"https:\/\/kettibuenoferrer.dk\/#website","url":"https:\/\/kettibuenoferrer.dk\/","name":"Ketti Bueno Ferrer","description":"Livets sovs","potentialAction":[{"@type":"SearchAction","target":{"@type":"EntryPoint","urlTemplate":"https:\/\/kettibuenoferrer.dk\/?s={search_term_string}"},"query-input":{"@type":"PropertyValueSpecification","valueRequired":true,"valueName":"search_term_string"}}],"inLanguage":"da-DK"}]}},"_links":{"self":[{"href":"https:\/\/kettibuenoferrer.dk\/index.php?rest_route=\/wp\/v2\/pages\/367","targetHints":{"allow":["GET"]}}],"collection":[{"href":"https:\/\/kettibuenoferrer.dk\/index.php?rest_route=\/wp\/v2\/pages"}],"about":[{"href":"https:\/\/kettibuenoferrer.dk\/index.php?rest_route=\/wp\/v2\/types\/page"}],"author":[{"embeddable":true,"href":"https:\/\/kettibuenoferrer.dk\/index.php?rest_route=\/wp\/v2\/users\/1"}],"replies":[{"embeddable":true,"href":"https:\/\/kettibuenoferrer.dk\/index.php?rest_route=%2Fwp%2Fv2%2Fcomments&post=367"}],"version-history":[{"count":35,"href":"https:\/\/kettibuenoferrer.dk\/index.php?rest_route=\/wp\/v2\/pages\/367\/revisions"}],"predecessor-version":[{"id":5444,"href":"https:\/\/kettibuenoferrer.dk\/index.php?rest_route=\/wp\/v2\/pages\/367\/revisions\/5444"}],"wp:attachment":[{"href":"https:\/\/kettibuenoferrer.dk\/index.php?rest_route=%2Fwp%2Fv2%2Fmedia&parent=367"}],"curies":[{"name":"wp","href":"https:\/\/api.w.org\/{rel}","templated":true}]}}