{"id":4218,"date":"2013-07-05T17:11:27","date_gmt":"2013-07-05T15:11:27","guid":{"rendered":"http:\/\/satellite.nu\/dev\/ketti\/?page_id=3513"},"modified":"2014-12-17T21:09:25","modified_gmt":"2014-12-17T19:09:25","slug":"fester-2","status":"publish","type":"page","link":"https:\/\/kettibuenoferrer.dk\/?page_id=4218","title":{"rendered":"Fester"},"content":{"rendered":"<p><a href=\"http:\/\/kettibuenoferrer.dk\/wp-content\/uploads\/2013\/07\/Fester_TOP_fotos.jpg\"><img loading=\"lazy\" decoding=\"async\" class=\"aligncenter size-full wp-image-4350\" alt=\"Fester_TOP_fotos\" src=\"http:\/\/kettibuenoferrer.dk\/wp-content\/uploads\/2013\/07\/Fester_TOP_fotos.jpg\" width=\"1000\" height=\"532\" srcset=\"https:\/\/kettibuenoferrer.dk\/wp-content\/uploads\/2013\/07\/Fester_TOP_fotos.jpg 1000w, https:\/\/kettibuenoferrer.dk\/wp-content\/uploads\/2013\/07\/Fester_TOP_fotos-300x159.jpg 300w\" sizes=\"auto, (max-width: 1000px) 100vw, 1000px\" \/><\/a><\/p>\n<p><strong>AT LAVE GODE FESTER G\u00d8R VI OS MEGET I.<br \/>\n&#8211; Og vi kan lide det.<\/strong><\/p>\n<p>Vi kommer p\u00e5 din arbejdsplads og skaber livsgl\u00e6de, f\u00e6lleskab og godt hum\u00f8r.<br \/>\nVi kan ogs\u00e5 booke lokaler til jer, hos en af vores samarbejdspartner.<br \/>\nAlt er muligt, det er kun fantasien der s\u00e6tter gr\u00e6nserne.<\/p>\n<p><strong>P\u00c5 BUENO BUSINESS\u00a0<a href=\"http:\/\/www.buenobusiness.dk\">WWW.BUENOBUSINESS.DK\u00a0<\/a>kan du l\u00e6se meget mere ogs\u00e5 om priserne.<\/strong><\/p>\n<p><strong><a href=\"http:\/\/http:\/www.youtube.com\/watch?v=9Dha-S7CkzY&amp;feature=c4-overview&amp;list=UUChm2gY_G7W_MQ02-1dLU_g\">VIDEO fra den vi fredag den 5. juli 2013 lavede en K\u00c6MPE LatinEvent p\u00e5 Pl\u00e6nen i Tivoli, med dans &amp; koncert.<\/a><\/strong><\/p>\n<p><b>Stig Christian Rutvig, afdelingsleder i Finance, Lundbeck<\/b><\/p>\n<p>\u201cN\u00e5r Ketti kommer ind af d\u00f8ren, s\u00e6tter hun fra start et helt enormt energiniveau \u2013 og det forplanter sig. Ketti selv er et samtaleemne \u2013 hun er fantastisk underholdende at opleve og vi havde det som deltagere virkelig sjovt og fik flyttet nogle gr\u00e6nser. Og det er det, hun g\u00f8r. Hun udfordrer, s\u00e5 man flytter sig. Et skridt ad gangen. En salsa event med Ketti handler ikke kun om dansen. Hun tager udgangspunkt i hvordan man fremtr\u00e6der som mand\u00a0 hhv. kvinde. Hvis du er mand \u2013 St\u00e5\/g\u00e5\/tal som en mand og f\u00f8r din kvinde. Hvis du er kvinde -Vis din kvindelighed\/bev\u00e6g dig som en kvinde og lad dig f\u00f8re. Ketti l\u00e6gge stor v\u00e6gt p\u00e5 at vi skal bruge vores k\u00f8n i den m\u00e5de vi kommunikerer sammen \u2013 s\u00e5 kommer vi til at fremtr\u00e6de med st\u00f8rre styrke og gennemslagskraft. Overf\u00f8rt i dansen skal man l\u00e6gge v\u00e6gt p\u00e5 at f\u00f8re som en mand og lade sig f\u00f8re som en kvinde \u2013 det g\u00f8r noget. Ketti er virkelig god til at fornemme, hvor langt hun kan g\u00e5. Enkelte deltagere oplever eventen som \u201dlige p\u00e5 gr\u00e6nsen\u201d \u2013 men alle synes at det er sjovt, og n\u00e5r gr\u00e6nserne flytter sig lidt er det samtidig med til at skabe sammenhold og teamspirit.<\/p>\n<p>P\u00e5 de to timer hun var hos os, l\u00e6rte hun os via salsaen at fremtr\u00e6de st\u00e6rkere som m\u00e6nd og kvinder i stedet for en stor gang kedelig intetk\u00f8n. Vi blev inspireret til hvordan, vi kommunikerer med styrke og kraft. Samtidig fik vi faktisk l\u00e6rt nogle salsatrin og sving. Hele vejen igennem med rigtig god stemming. Man bliver fanget af hende, hun er lidt af en performer, og man f\u00f8lte bagefter, at man faktisk havde l\u00e6rt flere ting. Ketti er bestemt en af de h\u00e5ndtag, man kan skrue p\u00e5, n\u00e5r medarbejderne skal have det sjovt og ogs\u00e5 sammenrystes \u00a0bedre som gruppe.\u201d<\/p>\n<p>Vi kan lave <strong>&#8220;den lille pakke&#8221;<\/strong>, hvor Ketti Bueno Ferrer kommer til jer en times tid og f\u00e5r jer rystet sammen med salsa og livsgl\u00e6de.<\/p>\n<p>Eller<strong> mellempakken<\/strong> p\u00e5 en times tid, med Ketti og danseassistenter.<\/p>\n<p>Eller den <strong>st\u00f8rre pakke<\/strong>, som kan indeholde:<br \/>\nTeambuildingworkshop med Ketti Bueno Ferrer og assistenter f\u00f8r middagen + Romceremoni.<br \/>\nMad fra vores cubanske samarbejdspartner + evt en tropisk bar med caribiske drinks.<br \/>\nCaribisk fest med:<br \/>\nSalsaundervisning og f\u00e6llesdans.<br \/>\nShows med cubanske danser.<br \/>\nLIVE koncert med et cubansk partyband.<br \/>\nSalsa and Soul DJ, som leverer en mix mellem latin og soul musik, s\u00e5 alle f\u00e5r danset.<\/p>\n<p><strong>Kontakt Ketti og vi laver i samarbejde lige pr\u00e6cis den fest I godt kunne t\u00e6nke jer.<\/strong><br \/>\n<a title=\"HER\" href=\"http:\/\/ketti@salsavida.dk\">ketti@salsavida.dk<\/a><\/p>\n<p>Ketti har v\u00e6ret p\u00e5 utallige arbejdspladser med sit caribiske festkoncept.<br \/>\nOg hun har v\u00e6ret medarrang\u00f8r p\u00e5 meget store begivenheder fx Dinner and Koncert p\u00e5 Vega, Amager Bio, Pl\u00e6nen i Tivoli, 4 dages festival p\u00e5 Onkels Dannys Plads, Parken, Park og Parks idr\u00e6tsanl\u00e6g + meget meget mere.<\/p>\n<p>P\u00e5 firmareferencerlisten p\u00e5 dette site, kan du se hvem Ketti har l\u00f8st opgave for.<\/p>\n<p><strong>PL\u00c6NEN TIVOLI SALSAFEST OG KONCERT MED AFRO CUBAN ALL STARS FREDAG 5. JULI 2013<\/strong><\/p>\n<p><a href=\"http:\/\/kettibuenoferrer.dk\/wp-content\/uploads\/2013\/07\/1012014_10151675543299437_1462127452_n.jpg\"><img decoding=\"async\" alt=\"\" src=\"http:\/\/kettibuenoferrer.dk\/wp-content\/uploads\/2013\/07\/1012014_10151675543299437_1462127452_n.jpg\" \/> <\/a><\/p>\n","protected":false},"excerpt":{"rendered":"<p>AT LAVE GODE FESTER G\u00d8R VI OS MEGET I. &#8211; Og vi kan lide det. Vi kommer p\u00e5 din arbejdsplads og skaber livsgl\u00e6de, f\u00e6lleskab og godt hum\u00f8r. Vi kan ogs\u00e5 booke lokaler til jer, hos en af vores samarbejdspartner. Alt er muligt, det er kun fantasien der s\u00e6tter gr\u00e6nserne. P\u00c5 BUENO BUSINESS\u00a0WWW.BUENOBUSINESS.DK\u00a0kan du l\u00e6se meget [&hellip;]<\/p>\n","protected":false},"author":2,"featured_media":3627,"parent":0,"menu_order":0,"comment_status":"closed","ping_status":"closed","template":"","meta":{"footnotes":""},"class_list":["post-4218","page","type-page","status-publish","has-post-thumbnail","hentry"],"yoast_head":"<!-- This site is optimized with the Yoast SEO plugin v27.6 - https:\/\/yoast.com\/product\/yoast-seo-wordpress\/ -->\n<title>Fester - Ketti Bueno Ferrer<\/title>\n<meta name=\"robots\" content=\"index, follow, max-snippet:-1, max-image-preview:large, max-video-preview:-1\" \/>\n<link rel=\"canonical\" href=\"https:\/\/kettibuenoferrer.dk\/?page_id=4218\" \/>\n<meta property=\"og:locale\" content=\"da_DK\" \/>\n<meta property=\"og:type\" content=\"article\" \/>\n<meta property=\"og:title\" content=\"Fester - Ketti Bueno Ferrer\" \/>\n<meta property=\"og:description\" content=\"AT LAVE GODE FESTER G\u00d8R VI OS MEGET I. &#8211; Og vi kan lide det. Vi kommer p\u00e5 din arbejdsplads og skaber livsgl\u00e6de, f\u00e6lleskab og godt hum\u00f8r. Vi kan ogs\u00e5 booke lokaler til jer, hos en af vores samarbejdspartner. Alt er muligt, det er kun fantasien der s\u00e6tter gr\u00e6nserne. P\u00c5 BUENO BUSINESS\u00a0WWW.BUENOBUSINESS.DK\u00a0kan du l\u00e6se meget [&hellip;]\" \/>\n<meta property=\"og:url\" content=\"https:\/\/kettibuenoferrer.dk\/?page_id=4218\" \/>\n<meta property=\"og:site_name\" content=\"Ketti Bueno Ferrer\" \/>\n<meta property=\"article:modified_time\" content=\"2014-12-17T19:09:25+00:00\" \/>\n<meta property=\"og:image\" content=\"https:\/\/kettibuenoferrer.dk\/wp-content\/uploads\/2013\/07\/TOP_fotos_FESTER.jpg\" \/>\n\t<meta property=\"og:image:width\" content=\"1000\" \/>\n\t<meta property=\"og:image:height\" content=\"532\" \/>\n\t<meta property=\"og:image:type\" content=\"image\/jpeg\" \/>\n<meta name=\"twitter:label1\" content=\"Estimeret l\u00e6setid\" \/>\n\t<meta name=\"twitter:data1\" content=\"3 minutter\" \/>\n<script type=\"application\/ld+json\" class=\"yoast-schema-graph\">{\"@context\":\"https:\\\/\\\/schema.org\",\"@graph\":[{\"@type\":\"WebPage\",\"@id\":\"https:\\\/\\\/kettibuenoferrer.dk\\\/?page_id=4218\",\"url\":\"https:\\\/\\\/kettibuenoferrer.dk\\\/?page_id=4218\",\"name\":\"Fester - Ketti Bueno Ferrer\",\"isPartOf\":{\"@id\":\"https:\\\/\\\/kettibuenoferrer.dk\\\/#website\"},\"primaryImageOfPage\":{\"@id\":\"https:\\\/\\\/kettibuenoferrer.dk\\\/?page_id=4218#primaryimage\"},\"image\":{\"@id\":\"https:\\\/\\\/kettibuenoferrer.dk\\\/?page_id=4218#primaryimage\"},\"thumbnailUrl\":\"https:\\\/\\\/kettibuenoferrer.dk\\\/wp-content\\\/uploads\\\/2013\\\/07\\\/TOP_fotos_FESTER.jpg\",\"datePublished\":\"2013-07-05T15:11:27+00:00\",\"dateModified\":\"2014-12-17T19:09:25+00:00\",\"breadcrumb\":{\"@id\":\"https:\\\/\\\/kettibuenoferrer.dk\\\/?page_id=4218#breadcrumb\"},\"inLanguage\":\"da-DK\",\"potentialAction\":[{\"@type\":\"ReadAction\",\"target\":[\"https:\\\/\\\/kettibuenoferrer.dk\\\/?page_id=4218\"]}]},{\"@type\":\"ImageObject\",\"inLanguage\":\"da-DK\",\"@id\":\"https:\\\/\\\/kettibuenoferrer.dk\\\/?page_id=4218#primaryimage\",\"url\":\"https:\\\/\\\/kettibuenoferrer.dk\\\/wp-content\\\/uploads\\\/2013\\\/07\\\/TOP_fotos_FESTER.jpg\",\"contentUrl\":\"https:\\\/\\\/kettibuenoferrer.dk\\\/wp-content\\\/uploads\\\/2013\\\/07\\\/TOP_fotos_FESTER.jpg\",\"width\":1000,\"height\":532},{\"@type\":\"BreadcrumbList\",\"@id\":\"https:\\\/\\\/kettibuenoferrer.dk\\\/?page_id=4218#breadcrumb\",\"itemListElement\":[{\"@type\":\"ListItem\",\"position\":1,\"name\":\"Hjem\",\"item\":\"https:\\\/\\\/kettibuenoferrer.dk\\\/\"},{\"@type\":\"ListItem\",\"position\":2,\"name\":\"Fester\"}]},{\"@type\":\"WebSite\",\"@id\":\"https:\\\/\\\/kettibuenoferrer.dk\\\/#website\",\"url\":\"https:\\\/\\\/kettibuenoferrer.dk\\\/\",\"name\":\"Ketti Bueno Ferrer\",\"description\":\"Livets sovs\",\"potentialAction\":[{\"@type\":\"SearchAction\",\"target\":{\"@type\":\"EntryPoint\",\"urlTemplate\":\"https:\\\/\\\/kettibuenoferrer.dk\\\/?s={search_term_string}\"},\"query-input\":{\"@type\":\"PropertyValueSpecification\",\"valueRequired\":true,\"valueName\":\"search_term_string\"}}],\"inLanguage\":\"da-DK\"}]}<\/script>\n<!-- \/ Yoast SEO plugin. -->","yoast_head_json":{"title":"Fester - Ketti Bueno Ferrer","robots":{"index":"index","follow":"follow","max-snippet":"max-snippet:-1","max-image-preview":"max-image-preview:large","max-video-preview":"max-video-preview:-1"},"canonical":"https:\/\/kettibuenoferrer.dk\/?page_id=4218","og_locale":"da_DK","og_type":"article","og_title":"Fester - Ketti Bueno Ferrer","og_description":"AT LAVE GODE FESTER G\u00d8R VI OS MEGET I. &#8211; Og vi kan lide det. Vi kommer p\u00e5 din arbejdsplads og skaber livsgl\u00e6de, f\u00e6lleskab og godt hum\u00f8r. Vi kan ogs\u00e5 booke lokaler til jer, hos en af vores samarbejdspartner. Alt er muligt, det er kun fantasien der s\u00e6tter gr\u00e6nserne. P\u00c5 BUENO BUSINESS\u00a0WWW.BUENOBUSINESS.DK\u00a0kan du l\u00e6se meget [&hellip;]","og_url":"https:\/\/kettibuenoferrer.dk\/?page_id=4218","og_site_name":"Ketti Bueno Ferrer","article_modified_time":"2014-12-17T19:09:25+00:00","og_image":[{"width":1000,"height":532,"url":"https:\/\/kettibuenoferrer.dk\/wp-content\/uploads\/2013\/07\/TOP_fotos_FESTER.jpg","type":"image\/jpeg"}],"twitter_misc":{"Estimeret l\u00e6setid":"3 minutter"},"schema":{"@context":"https:\/\/schema.org","@graph":[{"@type":"WebPage","@id":"https:\/\/kettibuenoferrer.dk\/?page_id=4218","url":"https:\/\/kettibuenoferrer.dk\/?page_id=4218","name":"Fester - Ketti Bueno Ferrer","isPartOf":{"@id":"https:\/\/kettibuenoferrer.dk\/#website"},"primaryImageOfPage":{"@id":"https:\/\/kettibuenoferrer.dk\/?page_id=4218#primaryimage"},"image":{"@id":"https:\/\/kettibuenoferrer.dk\/?page_id=4218#primaryimage"},"thumbnailUrl":"https:\/\/kettibuenoferrer.dk\/wp-content\/uploads\/2013\/07\/TOP_fotos_FESTER.jpg","datePublished":"2013-07-05T15:11:27+00:00","dateModified":"2014-12-17T19:09:25+00:00","breadcrumb":{"@id":"https:\/\/kettibuenoferrer.dk\/?page_id=4218#breadcrumb"},"inLanguage":"da-DK","potentialAction":[{"@type":"ReadAction","target":["https:\/\/kettibuenoferrer.dk\/?page_id=4218"]}]},{"@type":"ImageObject","inLanguage":"da-DK","@id":"https:\/\/kettibuenoferrer.dk\/?page_id=4218#primaryimage","url":"https:\/\/kettibuenoferrer.dk\/wp-content\/uploads\/2013\/07\/TOP_fotos_FESTER.jpg","contentUrl":"https:\/\/kettibuenoferrer.dk\/wp-content\/uploads\/2013\/07\/TOP_fotos_FESTER.jpg","width":1000,"height":532},{"@type":"BreadcrumbList","@id":"https:\/\/kettibuenoferrer.dk\/?page_id=4218#breadcrumb","itemListElement":[{"@type":"ListItem","position":1,"name":"Hjem","item":"https:\/\/kettibuenoferrer.dk\/"},{"@type":"ListItem","position":2,"name":"Fester"}]},{"@type":"WebSite","@id":"https:\/\/kettibuenoferrer.dk\/#website","url":"https:\/\/kettibuenoferrer.dk\/","name":"Ketti Bueno Ferrer","description":"Livets sovs","potentialAction":[{"@type":"SearchAction","target":{"@type":"EntryPoint","urlTemplate":"https:\/\/kettibuenoferrer.dk\/?s={search_term_string}"},"query-input":{"@type":"PropertyValueSpecification","valueRequired":true,"valueName":"search_term_string"}}],"inLanguage":"da-DK"}]}},"_links":{"self":[{"href":"https:\/\/kettibuenoferrer.dk\/index.php?rest_route=\/wp\/v2\/pages\/4218","targetHints":{"allow":["GET"]}}],"collection":[{"href":"https:\/\/kettibuenoferrer.dk\/index.php?rest_route=\/wp\/v2\/pages"}],"about":[{"href":"https:\/\/kettibuenoferrer.dk\/index.php?rest_route=\/wp\/v2\/types\/page"}],"author":[{"embeddable":true,"href":"https:\/\/kettibuenoferrer.dk\/index.php?rest_route=\/wp\/v2\/users\/2"}],"replies":[{"embeddable":true,"href":"https:\/\/kettibuenoferrer.dk\/index.php?rest_route=%2Fwp%2Fv2%2Fcomments&post=4218"}],"version-history":[{"count":7,"href":"https:\/\/kettibuenoferrer.dk\/index.php?rest_route=\/wp\/v2\/pages\/4218\/revisions"}],"predecessor-version":[{"id":4812,"href":"https:\/\/kettibuenoferrer.dk\/index.php?rest_route=\/wp\/v2\/pages\/4218\/revisions\/4812"}],"wp:featuredmedia":[{"embeddable":true,"href":"https:\/\/kettibuenoferrer.dk\/index.php?rest_route=\/wp\/v2\/media\/3627"}],"wp:attachment":[{"href":"https:\/\/kettibuenoferrer.dk\/index.php?rest_route=%2Fwp%2Fv2%2Fmedia&parent=4218"}],"curies":[{"name":"wp","href":"https:\/\/api.w.org\/{rel}","templated":true}]}}