{"id":4219,"date":"2013-07-05T17:11:58","date_gmt":"2013-07-05T15:11:58","guid":{"rendered":"http:\/\/satellite.nu\/dev\/ketti\/?page_id=3515"},"modified":"2014-12-17T21:08:55","modified_gmt":"2014-12-17T19:08:55","slug":"events-2","status":"publish","type":"page","link":"https:\/\/kettibuenoferrer.dk\/?page_id=4219","title":{"rendered":"Events"},"content":{"rendered":"<p>&nbsp;<\/p>\n<p><strong><a href=\"http:\/\/kettibuenoferrer.dk\/wp-content\/uploads\/2013\/07\/Events_TOP_fotos.jpg\"><img loading=\"lazy\" decoding=\"async\" class=\"aligncenter size-full wp-image-4353\" alt=\"Events_TOP_fotos\" src=\"http:\/\/kettibuenoferrer.dk\/wp-content\/uploads\/2013\/07\/Events_TOP_fotos.jpg\" width=\"1000\" height=\"532\" srcset=\"https:\/\/kettibuenoferrer.dk\/wp-content\/uploads\/2013\/07\/Events_TOP_fotos.jpg 1000w, https:\/\/kettibuenoferrer.dk\/wp-content\/uploads\/2013\/07\/Events_TOP_fotos-300x159.jpg 300w\" sizes=\"auto, (max-width: 1000px) 100vw, 1000px\" \/><\/a>SKAL DU OG DIT FIRMA BRUGE EN CARIBISKE EVENT?<\/strong><\/p>\n<p><strong>P\u00c5 BUENO BUSINESS\u00a0<a href=\"http:\/\/www.buenobusiness.dk\">WWW.BUENOBUSINESS.DK<\/a>\u00a0kan du l\u00e6se meget mere ogs\u00e5 om priserne.<\/strong><\/p>\n<p><strong><a href=\"http:\/\/www.youtube.com\/watch?v=LaPO1b4PPqY\">VIDEO: VI FYLDTE EN RESTAURENT MED + 100 SPISENDE G\u00c6STER. OG DEREFTER VEGA (1200 MENNESKER) TIL BRISTEPUNKTET TIL KONCERT, MED LOS VAN VAN, CUBAS ST\u00d8RSTE KONCERTNAVN.<\/a>\u00a0<\/strong><\/p>\n<p><strong>Ketti Bueno Ferrer har mange \u00e5rs erfaring og det betyder at hun har lige d\u00e9t der skal til, for at g\u00f8re dit event til noget ganske s\u00e6rligt.<\/strong><br \/>\n<strong> Hendes baggrund i teatret samt ikke mindst hendes &#8220;Cuba&#8221; g\u00f8r at hun er toptr\u00e6net i at t\u00e6nke &#8220;hele vejen rundt&#8221;.<\/strong><\/p>\n<p>Ugebladet Femina lavede en reportage, hvor de fulgte Ketti en dag. Hun var booket af PricewaterhouseCoopers til at lave et hel unikt personlaeevent.<br \/>\nOpgaven bestod i:<br \/>\nAt pynte festsalen op, samt lokalet hvor medarbejderne skulle spise.<br \/>\nHun havde cubanske kokke til at lave maden.<br \/>\nEn bar med caribiske drinks.<br \/>\nHun afviklede en teambuildingworkshop f\u00f8r middagen, for at ryste folk sammen.<br \/>\nUnderholdning og shows efter middagen.<br \/>\nOg ikke mindst et 14 personers latinband, til at spille op til fest.<\/p>\n<p><strong>Her kan du l\u00e6se repotagen fra Femina:<\/strong><\/p>\n<p><a title=\"Events\" href=\"http:\/\/www.salsavida.dk\/assets\/presse_html\/femina_presse1.html\" target=\"_blank\">www.salsavida.dk\/assets\/presse_html\/femina_presse1.html<\/a><\/p>\n<p><strong>Ligende koncepter har hun l\u00f8st for b\u00e5de store og mindre arbejdspladser, samt v\u00e6ret medarrang\u00f8r n\u00e5r store Latinbands har spillet p\u00e5 fx Vega, Amager Bio, eller her senest da Afro Cuban All Stars spillede p\u00e5 Pl\u00e6nen i Tivoli under &#8220;Fredags Rock&#8221;.<br \/>\n<\/strong><br \/>\nHun har ogs\u00e5 st\u00e5et for rammer og indhold n\u00e5r firmaer skulle lave kundem\u00f8der, presseevents og produktlancering.<\/p>\n<p>Og i samarbejder med Nordisk Film, var Ketti koordinator og arrangementsansvarlig for et PR- og VIP-afterparty i forbindelse med premiere i Imperial Biografen p\u00e5 en ny dansk film. Ketti var ansvarlig for de 100 salsadansere der deltog.<\/p>\n<p><strong>Kontakt Ketti hvis du har brug for hendes assistance og ekspertise til et uforglemmeligt event i din virksomhed, kunde- eller vennekreds.<\/strong><br \/>\n<a title=\"HER\" href=\"http:\/\/ketti@salsavida.dk\">ketti@salsavida.dk<\/a><\/p>\n<p>P\u00e5 kundelisten p\u00e5 dette site kan du se hvilke kunder der har gjort brug af Ketti og hendes Team.<\/p>\n<p><strong>SALSAFEST OG KONCERT MED AFRO CUBAN ALL STARS P\u00c5 PL\u00c6NEN I TIVOLI FREDAG DEN 5. JULI 2013<\/strong><\/p>\n<p><a href=\"http:\/\/kettibuenoferrer.dk\/wp-content\/uploads\/2013\/07\/944715_10151675543219437_1133110063_n.jpg\"><img loading=\"lazy\" decoding=\"async\" class=\"aligncenter size-full wp-image-3785\" alt=\"944715_10151675543219437_1133110063_n\" src=\"http:\/\/kettibuenoferrer.dk\/wp-content\/uploads\/2013\/07\/944715_10151675543219437_1133110063_n.jpg\" width=\"800\" height=\"534\" srcset=\"https:\/\/kettibuenoferrer.dk\/wp-content\/uploads\/2013\/07\/944715_10151675543219437_1133110063_n.jpg 800w, https:\/\/kettibuenoferrer.dk\/wp-content\/uploads\/2013\/07\/944715_10151675543219437_1133110063_n-300x200.jpg 300w\" sizes=\"auto, (max-width: 800px) 100vw, 800px\" \/><\/a><\/p>\n","protected":false},"excerpt":{"rendered":"<p>&nbsp; SKAL DU OG DIT FIRMA BRUGE EN CARIBISKE EVENT? P\u00c5 BUENO BUSINESS\u00a0WWW.BUENOBUSINESS.DK\u00a0kan du l\u00e6se meget mere ogs\u00e5 om priserne. VIDEO: VI FYLDTE EN RESTAURENT MED + 100 SPISENDE G\u00c6STER. OG DEREFTER VEGA (1200 MENNESKER) TIL BRISTEPUNKTET TIL KONCERT, MED LOS VAN VAN, CUBAS ST\u00d8RSTE KONCERTNAVN.\u00a0 Ketti Bueno Ferrer har mange \u00e5rs erfaring og det [&hellip;]<\/p>\n","protected":false},"author":2,"featured_media":0,"parent":0,"menu_order":0,"comment_status":"closed","ping_status":"closed","template":"","meta":{"footnotes":""},"class_list":["post-4219","page","type-page","status-publish","hentry"],"yoast_head":"<!-- This site is optimized with the Yoast SEO plugin v27.6 - https:\/\/yoast.com\/product\/yoast-seo-wordpress\/ -->\n<title>Events - Ketti Bueno Ferrer<\/title>\n<meta name=\"robots\" content=\"index, follow, max-snippet:-1, max-image-preview:large, max-video-preview:-1\" \/>\n<link rel=\"canonical\" href=\"https:\/\/kettibuenoferrer.dk\/?page_id=4219\" \/>\n<meta property=\"og:locale\" content=\"da_DK\" \/>\n<meta property=\"og:type\" content=\"article\" \/>\n<meta property=\"og:title\" content=\"Events - Ketti Bueno Ferrer\" \/>\n<meta property=\"og:description\" content=\"&nbsp; SKAL DU OG DIT FIRMA BRUGE EN CARIBISKE EVENT? P\u00c5 BUENO BUSINESS\u00a0WWW.BUENOBUSINESS.DK\u00a0kan du l\u00e6se meget mere ogs\u00e5 om priserne. VIDEO: VI FYLDTE EN RESTAURENT MED + 100 SPISENDE G\u00c6STER. OG DEREFTER VEGA (1200 MENNESKER) TIL BRISTEPUNKTET TIL KONCERT, MED LOS VAN VAN, CUBAS ST\u00d8RSTE KONCERTNAVN.\u00a0 Ketti Bueno Ferrer har mange \u00e5rs erfaring og det [&hellip;]\" \/>\n<meta property=\"og:url\" content=\"https:\/\/kettibuenoferrer.dk\/?page_id=4219\" \/>\n<meta property=\"og:site_name\" content=\"Ketti Bueno Ferrer\" \/>\n<meta property=\"article:modified_time\" content=\"2014-12-17T19:08:55+00:00\" \/>\n<meta property=\"og:image\" content=\"http:\/\/kettibuenoferrer.dk\/wp-content\/uploads\/2013\/07\/Events_TOP_fotos.jpg\" \/>\n<meta name=\"twitter:label1\" content=\"Estimeret l\u00e6setid\" \/>\n\t<meta name=\"twitter:data1\" content=\"2 minutter\" \/>\n<script type=\"application\/ld+json\" class=\"yoast-schema-graph\">{\"@context\":\"https:\\\/\\\/schema.org\",\"@graph\":[{\"@type\":\"WebPage\",\"@id\":\"https:\\\/\\\/kettibuenoferrer.dk\\\/?page_id=4219\",\"url\":\"https:\\\/\\\/kettibuenoferrer.dk\\\/?page_id=4219\",\"name\":\"Events - Ketti Bueno Ferrer\",\"isPartOf\":{\"@id\":\"https:\\\/\\\/kettibuenoferrer.dk\\\/#website\"},\"primaryImageOfPage\":{\"@id\":\"https:\\\/\\\/kettibuenoferrer.dk\\\/?page_id=4219#primaryimage\"},\"image\":{\"@id\":\"https:\\\/\\\/kettibuenoferrer.dk\\\/?page_id=4219#primaryimage\"},\"thumbnailUrl\":\"http:\\\/\\\/kettibuenoferrer.dk\\\/wp-content\\\/uploads\\\/2013\\\/07\\\/Events_TOP_fotos.jpg\",\"datePublished\":\"2013-07-05T15:11:58+00:00\",\"dateModified\":\"2014-12-17T19:08:55+00:00\",\"breadcrumb\":{\"@id\":\"https:\\\/\\\/kettibuenoferrer.dk\\\/?page_id=4219#breadcrumb\"},\"inLanguage\":\"da-DK\",\"potentialAction\":[{\"@type\":\"ReadAction\",\"target\":[\"https:\\\/\\\/kettibuenoferrer.dk\\\/?page_id=4219\"]}]},{\"@type\":\"ImageObject\",\"inLanguage\":\"da-DK\",\"@id\":\"https:\\\/\\\/kettibuenoferrer.dk\\\/?page_id=4219#primaryimage\",\"url\":\"https:\\\/\\\/kettibuenoferrer.dk\\\/wp-content\\\/uploads\\\/2013\\\/07\\\/Events_TOP_fotos.jpg\",\"contentUrl\":\"https:\\\/\\\/kettibuenoferrer.dk\\\/wp-content\\\/uploads\\\/2013\\\/07\\\/Events_TOP_fotos.jpg\",\"width\":1000,\"height\":532},{\"@type\":\"BreadcrumbList\",\"@id\":\"https:\\\/\\\/kettibuenoferrer.dk\\\/?page_id=4219#breadcrumb\",\"itemListElement\":[{\"@type\":\"ListItem\",\"position\":1,\"name\":\"Hjem\",\"item\":\"https:\\\/\\\/kettibuenoferrer.dk\\\/\"},{\"@type\":\"ListItem\",\"position\":2,\"name\":\"Events\"}]},{\"@type\":\"WebSite\",\"@id\":\"https:\\\/\\\/kettibuenoferrer.dk\\\/#website\",\"url\":\"https:\\\/\\\/kettibuenoferrer.dk\\\/\",\"name\":\"Ketti Bueno Ferrer\",\"description\":\"Livets sovs\",\"potentialAction\":[{\"@type\":\"SearchAction\",\"target\":{\"@type\":\"EntryPoint\",\"urlTemplate\":\"https:\\\/\\\/kettibuenoferrer.dk\\\/?s={search_term_string}\"},\"query-input\":{\"@type\":\"PropertyValueSpecification\",\"valueRequired\":true,\"valueName\":\"search_term_string\"}}],\"inLanguage\":\"da-DK\"}]}<\/script>\n<!-- \/ Yoast SEO plugin. -->","yoast_head_json":{"title":"Events - Ketti Bueno Ferrer","robots":{"index":"index","follow":"follow","max-snippet":"max-snippet:-1","max-image-preview":"max-image-preview:large","max-video-preview":"max-video-preview:-1"},"canonical":"https:\/\/kettibuenoferrer.dk\/?page_id=4219","og_locale":"da_DK","og_type":"article","og_title":"Events - Ketti Bueno Ferrer","og_description":"&nbsp; SKAL DU OG DIT FIRMA BRUGE EN CARIBISKE EVENT? P\u00c5 BUENO BUSINESS\u00a0WWW.BUENOBUSINESS.DK\u00a0kan du l\u00e6se meget mere ogs\u00e5 om priserne. VIDEO: VI FYLDTE EN RESTAURENT MED + 100 SPISENDE G\u00c6STER. OG DEREFTER VEGA (1200 MENNESKER) TIL BRISTEPUNKTET TIL KONCERT, MED LOS VAN VAN, CUBAS ST\u00d8RSTE KONCERTNAVN.\u00a0 Ketti Bueno Ferrer har mange \u00e5rs erfaring og det [&hellip;]","og_url":"https:\/\/kettibuenoferrer.dk\/?page_id=4219","og_site_name":"Ketti Bueno Ferrer","article_modified_time":"2014-12-17T19:08:55+00:00","og_image":[{"url":"http:\/\/kettibuenoferrer.dk\/wp-content\/uploads\/2013\/07\/Events_TOP_fotos.jpg","type":"","width":"","height":""}],"twitter_misc":{"Estimeret l\u00e6setid":"2 minutter"},"schema":{"@context":"https:\/\/schema.org","@graph":[{"@type":"WebPage","@id":"https:\/\/kettibuenoferrer.dk\/?page_id=4219","url":"https:\/\/kettibuenoferrer.dk\/?page_id=4219","name":"Events - Ketti Bueno Ferrer","isPartOf":{"@id":"https:\/\/kettibuenoferrer.dk\/#website"},"primaryImageOfPage":{"@id":"https:\/\/kettibuenoferrer.dk\/?page_id=4219#primaryimage"},"image":{"@id":"https:\/\/kettibuenoferrer.dk\/?page_id=4219#primaryimage"},"thumbnailUrl":"http:\/\/kettibuenoferrer.dk\/wp-content\/uploads\/2013\/07\/Events_TOP_fotos.jpg","datePublished":"2013-07-05T15:11:58+00:00","dateModified":"2014-12-17T19:08:55+00:00","breadcrumb":{"@id":"https:\/\/kettibuenoferrer.dk\/?page_id=4219#breadcrumb"},"inLanguage":"da-DK","potentialAction":[{"@type":"ReadAction","target":["https:\/\/kettibuenoferrer.dk\/?page_id=4219"]}]},{"@type":"ImageObject","inLanguage":"da-DK","@id":"https:\/\/kettibuenoferrer.dk\/?page_id=4219#primaryimage","url":"https:\/\/kettibuenoferrer.dk\/wp-content\/uploads\/2013\/07\/Events_TOP_fotos.jpg","contentUrl":"https:\/\/kettibuenoferrer.dk\/wp-content\/uploads\/2013\/07\/Events_TOP_fotos.jpg","width":1000,"height":532},{"@type":"BreadcrumbList","@id":"https:\/\/kettibuenoferrer.dk\/?page_id=4219#breadcrumb","itemListElement":[{"@type":"ListItem","position":1,"name":"Hjem","item":"https:\/\/kettibuenoferrer.dk\/"},{"@type":"ListItem","position":2,"name":"Events"}]},{"@type":"WebSite","@id":"https:\/\/kettibuenoferrer.dk\/#website","url":"https:\/\/kettibuenoferrer.dk\/","name":"Ketti Bueno Ferrer","description":"Livets sovs","potentialAction":[{"@type":"SearchAction","target":{"@type":"EntryPoint","urlTemplate":"https:\/\/kettibuenoferrer.dk\/?s={search_term_string}"},"query-input":{"@type":"PropertyValueSpecification","valueRequired":true,"valueName":"search_term_string"}}],"inLanguage":"da-DK"}]}},"_links":{"self":[{"href":"https:\/\/kettibuenoferrer.dk\/index.php?rest_route=\/wp\/v2\/pages\/4219","targetHints":{"allow":["GET"]}}],"collection":[{"href":"https:\/\/kettibuenoferrer.dk\/index.php?rest_route=\/wp\/v2\/pages"}],"about":[{"href":"https:\/\/kettibuenoferrer.dk\/index.php?rest_route=\/wp\/v2\/types\/page"}],"author":[{"embeddable":true,"href":"https:\/\/kettibuenoferrer.dk\/index.php?rest_route=\/wp\/v2\/users\/2"}],"replies":[{"embeddable":true,"href":"https:\/\/kettibuenoferrer.dk\/index.php?rest_route=%2Fwp%2Fv2%2Fcomments&post=4219"}],"version-history":[{"count":7,"href":"https:\/\/kettibuenoferrer.dk\/index.php?rest_route=\/wp\/v2\/pages\/4219\/revisions"}],"predecessor-version":[{"id":4809,"href":"https:\/\/kettibuenoferrer.dk\/index.php?rest_route=\/wp\/v2\/pages\/4219\/revisions\/4809"}],"wp:attachment":[{"href":"https:\/\/kettibuenoferrer.dk\/index.php?rest_route=%2Fwp%2Fv2%2Fmedia&parent=4219"}],"curies":[{"name":"wp","href":"https:\/\/api.w.org\/{rel}","templated":true}]}}