{"id":4262,"date":"2013-07-31T22:30:31","date_gmt":"2013-07-31T20:30:31","guid":{"rendered":"http:\/\/satellite.nu\/dev\/ketti\/?page_id=4262"},"modified":"2019-02-15T11:56:29","modified_gmt":"2019-02-15T09:56:29","slug":"11-forlob","status":"publish","type":"page","link":"https:\/\/kettibuenoferrer.dk\/?page_id=4262","title":{"rendered":"1-1 forl\u00f8b"},"content":{"rendered":"<p><a href=\"http:\/\/kettibuenoferrer.dk\/wp-content\/uploads\/2019\/02\/Havana_Amager_baggrund_3_19.jpg\"><img loading=\"lazy\" decoding=\"async\" class=\"alignnone wp-image-5193 size-large\" src=\"http:\/\/kettibuenoferrer.dk\/wp-content\/uploads\/2019\/02\/Havana_Amager_baggrund_3_19-1024x620.jpg\" alt=\"\" width=\"940\" height=\"569\" srcset=\"https:\/\/kettibuenoferrer.dk\/wp-content\/uploads\/2019\/02\/Havana_Amager_baggrund_3_19-1024x620.jpg 1024w, https:\/\/kettibuenoferrer.dk\/wp-content\/uploads\/2019\/02\/Havana_Amager_baggrund_3_19-300x182.jpg 300w, https:\/\/kettibuenoferrer.dk\/wp-content\/uploads\/2019\/02\/Havana_Amager_baggrund_3_19-768x465.jpg 768w, https:\/\/kettibuenoferrer.dk\/wp-content\/uploads\/2019\/02\/Havana_Amager_baggrund_3_19-500x303.jpg 500w, https:\/\/kettibuenoferrer.dk\/wp-content\/uploads\/2019\/02\/Havana_Amager_baggrund_3_19.jpg 1642w\" sizes=\"auto, (max-width: 940px) 100vw, 940px\" \/><\/a><\/p>\n<pre><strong>Havana p\u00e5 Amager er til dig, der er interesseret i, eller nysgerrig efter at l\u00e6re mere om Kunsten at NYDE livet.<\/strong><\/pre>\n<div class=\"_2cuy _3dgx _2vxa\">Ketti Bueno Ferrer er forfatter til bogen: En kvindes guide til at NYDE livet. Og hun er kvinden der har skabt og k\u00f8rer Salsa Vida &amp; Havana p\u00e5 Amager. Og indtil salsaen og den cubanske kulturen tog hende med ild &amp; storm var hun leder af Dramaskolen i K\u00f8benhavn. Hun er udover alt dette en anerkendt konsulent og underviser i erhvervslivet udi kropssprog, \u201ctal s\u00e5 man kan m\u00e6rke dig\u201d og \u201cNYD at v\u00e6re p\u00e5\u201d. Og er kendt for hendes evne til at tr\u00e6ne velfungerende teams, og lederer. Ketti ved ogs\u00e5 s\u00e5 uendelig meget om den anerkendende kontakt mellem kvinden og manden. Og hvad der skal til for at s\u00f8d musik opst\u00e5r og varer gerne hele livet. Hun tr\u00e6ner et par hundrede kvinder &amp; m\u00e6nd OM ugen i lige pr\u00e6cis det her, \u00e5r ud og \u00e5r ind.<\/div>\n<h4><\/h4>\n<pre class=\"_2cuy _3dgx _2vxa\"><strong>Du skal NYDE for at kunne YDE.<\/strong><\/pre>\n<p>&nbsp;<\/p>\n","protected":false},"excerpt":{"rendered":"<p>Havana p\u00e5 Amager er til dig, der er interesseret i, eller nysgerrig efter at l\u00e6re mere om Kunsten at NYDE livet. Ketti Bueno Ferrer er forfatter til bogen: En kvindes guide til at NYDE livet. Og hun er kvinden der har skabt og k\u00f8rer Salsa Vida &amp; Havana p\u00e5 Amager. Og indtil salsaen og den [&hellip;]<\/p>\n","protected":false},"author":2,"featured_media":0,"parent":0,"menu_order":0,"comment_status":"closed","ping_status":"closed","template":"","meta":{"footnotes":""},"class_list":["post-4262","page","type-page","status-publish","hentry"],"yoast_head":"<!-- This site is optimized with the Yoast SEO plugin v27.3 - https:\/\/yoast.com\/product\/yoast-seo-wordpress\/ -->\n<title>1-1 forl\u00f8b - Ketti Bueno Ferrer<\/title>\n<meta name=\"robots\" content=\"index, follow, max-snippet:-1, max-image-preview:large, max-video-preview:-1\" \/>\n<link rel=\"canonical\" href=\"https:\/\/kettibuenoferrer.dk\/?page_id=4262\" \/>\n<meta property=\"og:locale\" content=\"da_DK\" \/>\n<meta property=\"og:type\" content=\"article\" \/>\n<meta property=\"og:title\" content=\"1-1 forl\u00f8b - Ketti Bueno Ferrer\" \/>\n<meta property=\"og:description\" content=\"Havana p\u00e5 Amager er til dig, der er interesseret i, eller nysgerrig efter at l\u00e6re mere om Kunsten at NYDE livet. Ketti Bueno Ferrer er forfatter til bogen: En kvindes guide til at NYDE livet. Og hun er kvinden der har skabt og k\u00f8rer Salsa Vida &amp; Havana p\u00e5 Amager. Og indtil salsaen og den [&hellip;]\" \/>\n<meta property=\"og:url\" content=\"https:\/\/kettibuenoferrer.dk\/?page_id=4262\" \/>\n<meta property=\"og:site_name\" content=\"Ketti Bueno Ferrer\" \/>\n<meta property=\"article:modified_time\" content=\"2019-02-15T09:56:29+00:00\" \/>\n<meta property=\"og:image\" content=\"http:\/\/kettibuenoferrer.dk\/wp-content\/uploads\/2019\/02\/Havana_Amager_baggrund_3_19-1024x620.jpg\" \/>\n<meta name=\"twitter:label1\" content=\"Estimeret l\u00e6setid\" \/>\n\t<meta name=\"twitter:data1\" content=\"1 minut\" \/>\n<script type=\"application\/ld+json\" class=\"yoast-schema-graph\">{\"@context\":\"https:\\\/\\\/schema.org\",\"@graph\":[{\"@type\":\"WebPage\",\"@id\":\"https:\\\/\\\/kettibuenoferrer.dk\\\/?page_id=4262\",\"url\":\"https:\\\/\\\/kettibuenoferrer.dk\\\/?page_id=4262\",\"name\":\"1-1 forl\u00f8b - Ketti Bueno Ferrer\",\"isPartOf\":{\"@id\":\"https:\\\/\\\/kettibuenoferrer.dk\\\/#website\"},\"primaryImageOfPage\":{\"@id\":\"https:\\\/\\\/kettibuenoferrer.dk\\\/?page_id=4262#primaryimage\"},\"image\":{\"@id\":\"https:\\\/\\\/kettibuenoferrer.dk\\\/?page_id=4262#primaryimage\"},\"thumbnailUrl\":\"http:\\\/\\\/kettibuenoferrer.dk\\\/wp-content\\\/uploads\\\/2019\\\/02\\\/Havana_Amager_baggrund_3_19-1024x620.jpg\",\"datePublished\":\"2013-07-31T20:30:31+00:00\",\"dateModified\":\"2019-02-15T09:56:29+00:00\",\"breadcrumb\":{\"@id\":\"https:\\\/\\\/kettibuenoferrer.dk\\\/?page_id=4262#breadcrumb\"},\"inLanguage\":\"da-DK\",\"potentialAction\":[{\"@type\":\"ReadAction\",\"target\":[\"https:\\\/\\\/kettibuenoferrer.dk\\\/?page_id=4262\"]}]},{\"@type\":\"ImageObject\",\"inLanguage\":\"da-DK\",\"@id\":\"https:\\\/\\\/kettibuenoferrer.dk\\\/?page_id=4262#primaryimage\",\"url\":\"https:\\\/\\\/kettibuenoferrer.dk\\\/wp-content\\\/uploads\\\/2019\\\/02\\\/Havana_Amager_baggrund_3_19.jpg\",\"contentUrl\":\"https:\\\/\\\/kettibuenoferrer.dk\\\/wp-content\\\/uploads\\\/2019\\\/02\\\/Havana_Amager_baggrund_3_19.jpg\",\"width\":1642,\"height\":994},{\"@type\":\"BreadcrumbList\",\"@id\":\"https:\\\/\\\/kettibuenoferrer.dk\\\/?page_id=4262#breadcrumb\",\"itemListElement\":[{\"@type\":\"ListItem\",\"position\":1,\"name\":\"Hjem\",\"item\":\"https:\\\/\\\/kettibuenoferrer.dk\\\/\"},{\"@type\":\"ListItem\",\"position\":2,\"name\":\"1-1 forl\u00f8b\"}]},{\"@type\":\"WebSite\",\"@id\":\"https:\\\/\\\/kettibuenoferrer.dk\\\/#website\",\"url\":\"https:\\\/\\\/kettibuenoferrer.dk\\\/\",\"name\":\"Ketti Bueno Ferrer\",\"description\":\"Livets sovs\",\"potentialAction\":[{\"@type\":\"SearchAction\",\"target\":{\"@type\":\"EntryPoint\",\"urlTemplate\":\"https:\\\/\\\/kettibuenoferrer.dk\\\/?s={search_term_string}\"},\"query-input\":{\"@type\":\"PropertyValueSpecification\",\"valueRequired\":true,\"valueName\":\"search_term_string\"}}],\"inLanguage\":\"da-DK\"}]}<\/script>\n<!-- \/ Yoast SEO plugin. -->","yoast_head_json":{"title":"1-1 forl\u00f8b - Ketti Bueno Ferrer","robots":{"index":"index","follow":"follow","max-snippet":"max-snippet:-1","max-image-preview":"max-image-preview:large","max-video-preview":"max-video-preview:-1"},"canonical":"https:\/\/kettibuenoferrer.dk\/?page_id=4262","og_locale":"da_DK","og_type":"article","og_title":"1-1 forl\u00f8b - Ketti Bueno Ferrer","og_description":"Havana p\u00e5 Amager er til dig, der er interesseret i, eller nysgerrig efter at l\u00e6re mere om Kunsten at NYDE livet. Ketti Bueno Ferrer er forfatter til bogen: En kvindes guide til at NYDE livet. Og hun er kvinden der har skabt og k\u00f8rer Salsa Vida &amp; Havana p\u00e5 Amager. Og indtil salsaen og den [&hellip;]","og_url":"https:\/\/kettibuenoferrer.dk\/?page_id=4262","og_site_name":"Ketti Bueno Ferrer","article_modified_time":"2019-02-15T09:56:29+00:00","og_image":[{"url":"http:\/\/kettibuenoferrer.dk\/wp-content\/uploads\/2019\/02\/Havana_Amager_baggrund_3_19-1024x620.jpg","type":"","width":"","height":""}],"twitter_misc":{"Estimeret l\u00e6setid":"1 minut"},"schema":{"@context":"https:\/\/schema.org","@graph":[{"@type":"WebPage","@id":"https:\/\/kettibuenoferrer.dk\/?page_id=4262","url":"https:\/\/kettibuenoferrer.dk\/?page_id=4262","name":"1-1 forl\u00f8b - Ketti Bueno Ferrer","isPartOf":{"@id":"https:\/\/kettibuenoferrer.dk\/#website"},"primaryImageOfPage":{"@id":"https:\/\/kettibuenoferrer.dk\/?page_id=4262#primaryimage"},"image":{"@id":"https:\/\/kettibuenoferrer.dk\/?page_id=4262#primaryimage"},"thumbnailUrl":"http:\/\/kettibuenoferrer.dk\/wp-content\/uploads\/2019\/02\/Havana_Amager_baggrund_3_19-1024x620.jpg","datePublished":"2013-07-31T20:30:31+00:00","dateModified":"2019-02-15T09:56:29+00:00","breadcrumb":{"@id":"https:\/\/kettibuenoferrer.dk\/?page_id=4262#breadcrumb"},"inLanguage":"da-DK","potentialAction":[{"@type":"ReadAction","target":["https:\/\/kettibuenoferrer.dk\/?page_id=4262"]}]},{"@type":"ImageObject","inLanguage":"da-DK","@id":"https:\/\/kettibuenoferrer.dk\/?page_id=4262#primaryimage","url":"https:\/\/kettibuenoferrer.dk\/wp-content\/uploads\/2019\/02\/Havana_Amager_baggrund_3_19.jpg","contentUrl":"https:\/\/kettibuenoferrer.dk\/wp-content\/uploads\/2019\/02\/Havana_Amager_baggrund_3_19.jpg","width":1642,"height":994},{"@type":"BreadcrumbList","@id":"https:\/\/kettibuenoferrer.dk\/?page_id=4262#breadcrumb","itemListElement":[{"@type":"ListItem","position":1,"name":"Hjem","item":"https:\/\/kettibuenoferrer.dk\/"},{"@type":"ListItem","position":2,"name":"1-1 forl\u00f8b"}]},{"@type":"WebSite","@id":"https:\/\/kettibuenoferrer.dk\/#website","url":"https:\/\/kettibuenoferrer.dk\/","name":"Ketti Bueno Ferrer","description":"Livets sovs","potentialAction":[{"@type":"SearchAction","target":{"@type":"EntryPoint","urlTemplate":"https:\/\/kettibuenoferrer.dk\/?s={search_term_string}"},"query-input":{"@type":"PropertyValueSpecification","valueRequired":true,"valueName":"search_term_string"}}],"inLanguage":"da-DK"}]}},"_links":{"self":[{"href":"https:\/\/kettibuenoferrer.dk\/index.php?rest_route=\/wp\/v2\/pages\/4262","targetHints":{"allow":["GET"]}}],"collection":[{"href":"https:\/\/kettibuenoferrer.dk\/index.php?rest_route=\/wp\/v2\/pages"}],"about":[{"href":"https:\/\/kettibuenoferrer.dk\/index.php?rest_route=\/wp\/v2\/types\/page"}],"author":[{"embeddable":true,"href":"https:\/\/kettibuenoferrer.dk\/index.php?rest_route=\/wp\/v2\/users\/2"}],"replies":[{"embeddable":true,"href":"https:\/\/kettibuenoferrer.dk\/index.php?rest_route=%2Fwp%2Fv2%2Fcomments&post=4262"}],"version-history":[{"count":17,"href":"https:\/\/kettibuenoferrer.dk\/index.php?rest_route=\/wp\/v2\/pages\/4262\/revisions"}],"predecessor-version":[{"id":5210,"href":"https:\/\/kettibuenoferrer.dk\/index.php?rest_route=\/wp\/v2\/pages\/4262\/revisions\/5210"}],"wp:attachment":[{"href":"https:\/\/kettibuenoferrer.dk\/index.php?rest_route=%2Fwp%2Fv2%2Fmedia&parent=4262"}],"curies":[{"name":"wp","href":"https:\/\/api.w.org\/{rel}","templated":true}]}}