{"id":4268,"date":"2013-07-31T22:35:55","date_gmt":"2013-07-31T20:35:55","guid":{"rendered":"http:\/\/satellite.nu\/dev\/ketti\/?page_id=4268"},"modified":"2021-07-22T11:47:48","modified_gmt":"2021-07-22T09:47:48","slug":"bogen","status":"publish","type":"page","link":"https:\/\/kettibuenoferrer.dk\/?page_id=4268","title":{"rendered":"Bogen"},"content":{"rendered":"<p><a href=\"http:\/\/kettibuenoferrer.dk\/wp-content\/uploads\/2013\/07\/BOGEN_TOP_fotos.jpg\"><img loading=\"lazy\" decoding=\"async\" class=\"aligncenter size-full wp-image-4336\" src=\"http:\/\/kettibuenoferrer.dk\/wp-content\/uploads\/2013\/07\/BOGEN_TOP_fotos.jpg\" alt=\"BOGEN_TOP_fotos\" width=\"1000\" height=\"532\" srcset=\"https:\/\/kettibuenoferrer.dk\/wp-content\/uploads\/2013\/07\/BOGEN_TOP_fotos.jpg 1000w, https:\/\/kettibuenoferrer.dk\/wp-content\/uploads\/2013\/07\/BOGEN_TOP_fotos-300x159.jpg 300w\" sizes=\"auto, (max-width: 1000px) 100vw, 1000px\" \/><\/a><\/p>\n<pre><strong>\"En kvindes guide til at Nyde livet\" af Ketti Bueno Ferrer.<\/strong><\/pre>\n<p>Du kan k\u00f8be bogen, i alle boghandler i Danmark og hos\u00a0<a href=\"http:\/\/www.saxo.com\/\">www.saxo.com<\/a>, eller\u00a0du kan ogs\u00e5 l\u00e5ne den p\u00e5 biblioteket.<\/p>\n<p>I shoppen p\u00e5 dette site, er der ogs\u00e5 mulighed for at k\u00f8be den.<\/p>\n<pre><strong>Bogen handler om;<\/strong><\/pre>\n<ul>\n<li><span style=\"line-height: 19px;\">\u00a0<\/span><span style=\"line-height: 19px;\">Kvindelighed, saft &amp; kraft<\/span><\/li>\n<li><span style=\"line-height: 19px;\">Om hvordan du f\u00e5r mere ud af dit liv<\/span><\/li>\n<li><span style=\"line-height: 19px;\">Den er sp\u00e6kket med cubansk inspiration og hemmeligheder, samt nydelse fra top til t\u00e5.<\/span><\/li>\n<li><span style=\"line-height: 19px;\">Perler og tips til mere lyst og st\u00f8rre livsgl\u00e6de<\/span><\/li>\n<\/ul>\n<p>&nbsp;<\/p>\n<p>Det er Pretty Ink et forlag i Rosinante &amp; Co, K\u00f8bmagergade 62, 4., Postboks 2252, DK-1019 K\u00f8benhavn K, <a href=\"http:\/\/www.rosinante-co.dk\/\">www.rosinante-co.dk<\/a>,<a href=\"http:\/\/www.prettyink.dk\/\">www.prettyink.dk<\/a> &#8211; der har udgivet bogen.<\/p>\n<p>Rosinantes redakt\u00f8rchef Anne S\u00f8ndergaard er min redakt\u00f8r, i samarbejde med Mette Holb\u00e6k<\/p>\n<p>Lars H, den internationale stjernefotograf med base i London, har taget de sk\u00f8nne fotos som bogen er fyldt med.<\/p>\n<p>Det er en sanselig eksklusiv &amp; smuk to-do-bog, for dig der ikke vil n\u00f8jes!<\/p>\n<pre><b>Fem hurtige sp\u00f8rgsm\u00e5l til og svar fra Ketti Bueno Ferrer om hendes nye bog \u201cEn kvindes guide til at nyde livet\u201d.<\/b><\/pre>\n<p><b>Hvad handler denne bog om?<\/b><\/p>\n<p>Min bog er skrevet til kvinder, der vil have mere ud af livet, og handler om, hvordan du ved at kende og bruge alle sider af din kvindelighed kan f\u00e5 lyst, nydelse og gl\u00e6de i din hverdag.<\/p>\n<p><b>Hvordan er bogen bygget op?<\/b><\/p>\n<p>Hvert kapitel i min bog indeholder et livstema fx \u201cDit fundament i livet\u201d eller \u201cKontrol og overgivelse\u201d, og til hvert livstema knytter sig en kropsdel. Alle kapitler har fokus p\u00e5 at fremme din lyst og livsgl\u00e6de, og hvert af kapitlerne indeholder b\u00e5de lettilg\u00e6ngelige tanke- og krops\u00f8velser, massevis af tips og gode r\u00e5d samt personlige historier fra mit liv her i Danmark og fra mine oplevelser blandt de salsadansende livsnydere p\u00e5 Cuba. Med garanti livsbekr\u00e6ftende og god inspiration.<\/p>\n<p><b>Hvorfor er kroppen s\u00e5 central i bogen?\u00a0<\/b><\/p>\n<p>Jeg er af den dybe overbevisning, at kroppen gemmer p\u00e5 den st\u00f8rste skattekiste af alle. Derfor er det vigtigt at komme ned i din krop, l\u00e6re den grundigt at kende og f\u00e5 ryddet op, hvor det er n\u00f8dvendigt. Forandringsprocessen skal bundf\u00e6ste sig i din krop og ikke kun i din tanke.<\/p>\n<p><b>Hvem b\u00f8r k\u00f8be denne bog?<\/b><\/p>\n<p>Alle kvinder, der synes, at hverdagens krav \u00e6der dem op, og som ofte sp\u00f8rger sig selv, om der virkelig ikke er mere i livet end det her. Og kvinder der er nysgerrige og s\u00f8ger efter noget, som kan give dem gl\u00e6den og nydelsen tilbage.<\/p>\n<p><b>Hvorfor har du skrevet bogen?<\/b><\/p>\n<p>Hver gang jeg m\u00f8der et hold nye kvinder p\u00e5 mine kurser, s\u00e5 siger mange af dem, at de allerst\u00f8rste problemer, de tumler med, er, at de egentlig ikke rigtig ved, hvad de har lyst til og f\u00f8ler sig s\u00e5 alene. Det er mit indtryk, at de i mange tilf\u00e6lde har mistet f\u00f8lelsen af deres egen identitet ogs\u00e5 som kvinde og ganske enkelt har sat deres liv p\u00e5 stand-by. Samtidig oplever jeg en sult efter lyst og gl\u00e6de, f\u00e6llesskab og omsorg, som ikke kan d\u00e6kkes af materiel velstand \u2013 men kun ved at hver enkelt t\u00f8r \u00e5bne op og m\u00f8de andre. Med min bog vil jeg gerne inspirere og hj\u00e6lpe danske kvinder med at l\u00e6re at bruge deres kvindelighed p\u00e5 den gode og sjove m\u00e5de, s\u00e5 de i h\u00f8jere grad kan nyde livet \u2013 til gl\u00e6de b\u00e5de for sig selv og andre.<\/p>\n<p>&nbsp;<\/p>\n","protected":false},"excerpt":{"rendered":"<p>&#8220;En kvindes guide til at Nyde livet&#8221; af Ketti Bueno Ferrer. Du kan k\u00f8be bogen, i alle boghandler i Danmark og hos\u00a0www.saxo.com, eller\u00a0du kan ogs\u00e5 l\u00e5ne den p\u00e5 biblioteket. I shoppen p\u00e5 dette site, er der ogs\u00e5 mulighed for at k\u00f8be den. Bogen handler om; \u00a0Kvindelighed, saft &amp; kraft Om hvordan du f\u00e5r mere ud [&hellip;]<\/p>\n","protected":false},"author":2,"featured_media":0,"parent":0,"menu_order":0,"comment_status":"closed","ping_status":"closed","template":"","meta":{"footnotes":""},"class_list":["post-4268","page","type-page","status-publish","hentry"],"yoast_head":"<!-- This site is optimized with the Yoast SEO plugin v27.4 - https:\/\/yoast.com\/product\/yoast-seo-wordpress\/ -->\n<title>Bogen - Ketti Bueno Ferrer<\/title>\n<meta name=\"robots\" content=\"index, follow, max-snippet:-1, max-image-preview:large, max-video-preview:-1\" \/>\n<link rel=\"canonical\" href=\"https:\/\/kettibuenoferrer.dk\/?page_id=4268\" \/>\n<meta property=\"og:locale\" content=\"da_DK\" \/>\n<meta property=\"og:type\" content=\"article\" \/>\n<meta property=\"og:title\" content=\"Bogen - Ketti Bueno Ferrer\" \/>\n<meta property=\"og:description\" content=\"&quot;En kvindes guide til at Nyde livet&quot; af Ketti Bueno Ferrer. Du kan k\u00f8be bogen, i alle boghandler i Danmark og hos\u00a0www.saxo.com, eller\u00a0du kan ogs\u00e5 l\u00e5ne den p\u00e5 biblioteket. I shoppen p\u00e5 dette site, er der ogs\u00e5 mulighed for at k\u00f8be den. Bogen handler om; \u00a0Kvindelighed, saft &amp; kraft Om hvordan du f\u00e5r mere ud [&hellip;]\" \/>\n<meta property=\"og:url\" content=\"https:\/\/kettibuenoferrer.dk\/?page_id=4268\" \/>\n<meta property=\"og:site_name\" content=\"Ketti Bueno Ferrer\" \/>\n<meta property=\"article:modified_time\" content=\"2021-07-22T09:47:48+00:00\" \/>\n<meta property=\"og:image\" content=\"http:\/\/kettibuenoferrer.dk\/wp-content\/uploads\/2013\/07\/BOGEN_TOP_fotos.jpg\" \/>\n<meta name=\"twitter:label1\" content=\"Estimeret l\u00e6setid\" \/>\n\t<meta name=\"twitter:data1\" content=\"3 minutter\" \/>\n<script type=\"application\/ld+json\" class=\"yoast-schema-graph\">{\"@context\":\"https:\\\/\\\/schema.org\",\"@graph\":[{\"@type\":\"WebPage\",\"@id\":\"https:\\\/\\\/kettibuenoferrer.dk\\\/?page_id=4268\",\"url\":\"https:\\\/\\\/kettibuenoferrer.dk\\\/?page_id=4268\",\"name\":\"Bogen - Ketti Bueno Ferrer\",\"isPartOf\":{\"@id\":\"https:\\\/\\\/kettibuenoferrer.dk\\\/#website\"},\"primaryImageOfPage\":{\"@id\":\"https:\\\/\\\/kettibuenoferrer.dk\\\/?page_id=4268#primaryimage\"},\"image\":{\"@id\":\"https:\\\/\\\/kettibuenoferrer.dk\\\/?page_id=4268#primaryimage\"},\"thumbnailUrl\":\"http:\\\/\\\/kettibuenoferrer.dk\\\/wp-content\\\/uploads\\\/2013\\\/07\\\/BOGEN_TOP_fotos.jpg\",\"datePublished\":\"2013-07-31T20:35:55+00:00\",\"dateModified\":\"2021-07-22T09:47:48+00:00\",\"breadcrumb\":{\"@id\":\"https:\\\/\\\/kettibuenoferrer.dk\\\/?page_id=4268#breadcrumb\"},\"inLanguage\":\"da-DK\",\"potentialAction\":[{\"@type\":\"ReadAction\",\"target\":[\"https:\\\/\\\/kettibuenoferrer.dk\\\/?page_id=4268\"]}]},{\"@type\":\"ImageObject\",\"inLanguage\":\"da-DK\",\"@id\":\"https:\\\/\\\/kettibuenoferrer.dk\\\/?page_id=4268#primaryimage\",\"url\":\"https:\\\/\\\/kettibuenoferrer.dk\\\/wp-content\\\/uploads\\\/2013\\\/07\\\/BOGEN_TOP_fotos.jpg\",\"contentUrl\":\"https:\\\/\\\/kettibuenoferrer.dk\\\/wp-content\\\/uploads\\\/2013\\\/07\\\/BOGEN_TOP_fotos.jpg\",\"width\":1000,\"height\":532},{\"@type\":\"BreadcrumbList\",\"@id\":\"https:\\\/\\\/kettibuenoferrer.dk\\\/?page_id=4268#breadcrumb\",\"itemListElement\":[{\"@type\":\"ListItem\",\"position\":1,\"name\":\"Hjem\",\"item\":\"https:\\\/\\\/kettibuenoferrer.dk\\\/\"},{\"@type\":\"ListItem\",\"position\":2,\"name\":\"Bogen\"}]},{\"@type\":\"WebSite\",\"@id\":\"https:\\\/\\\/kettibuenoferrer.dk\\\/#website\",\"url\":\"https:\\\/\\\/kettibuenoferrer.dk\\\/\",\"name\":\"Ketti Bueno Ferrer\",\"description\":\"Livets sovs\",\"potentialAction\":[{\"@type\":\"SearchAction\",\"target\":{\"@type\":\"EntryPoint\",\"urlTemplate\":\"https:\\\/\\\/kettibuenoferrer.dk\\\/?s={search_term_string}\"},\"query-input\":{\"@type\":\"PropertyValueSpecification\",\"valueRequired\":true,\"valueName\":\"search_term_string\"}}],\"inLanguage\":\"da-DK\"}]}<\/script>\n<!-- \/ Yoast SEO plugin. -->","yoast_head_json":{"title":"Bogen - Ketti Bueno Ferrer","robots":{"index":"index","follow":"follow","max-snippet":"max-snippet:-1","max-image-preview":"max-image-preview:large","max-video-preview":"max-video-preview:-1"},"canonical":"https:\/\/kettibuenoferrer.dk\/?page_id=4268","og_locale":"da_DK","og_type":"article","og_title":"Bogen - Ketti Bueno Ferrer","og_description":"\"En kvindes guide til at Nyde livet\" af Ketti Bueno Ferrer. Du kan k\u00f8be bogen, i alle boghandler i Danmark og hos\u00a0www.saxo.com, eller\u00a0du kan ogs\u00e5 l\u00e5ne den p\u00e5 biblioteket. I shoppen p\u00e5 dette site, er der ogs\u00e5 mulighed for at k\u00f8be den. Bogen handler om; \u00a0Kvindelighed, saft &amp; kraft Om hvordan du f\u00e5r mere ud [&hellip;]","og_url":"https:\/\/kettibuenoferrer.dk\/?page_id=4268","og_site_name":"Ketti Bueno Ferrer","article_modified_time":"2021-07-22T09:47:48+00:00","og_image":[{"url":"http:\/\/kettibuenoferrer.dk\/wp-content\/uploads\/2013\/07\/BOGEN_TOP_fotos.jpg","type":"","width":"","height":""}],"twitter_misc":{"Estimeret l\u00e6setid":"3 minutter"},"schema":{"@context":"https:\/\/schema.org","@graph":[{"@type":"WebPage","@id":"https:\/\/kettibuenoferrer.dk\/?page_id=4268","url":"https:\/\/kettibuenoferrer.dk\/?page_id=4268","name":"Bogen - Ketti Bueno Ferrer","isPartOf":{"@id":"https:\/\/kettibuenoferrer.dk\/#website"},"primaryImageOfPage":{"@id":"https:\/\/kettibuenoferrer.dk\/?page_id=4268#primaryimage"},"image":{"@id":"https:\/\/kettibuenoferrer.dk\/?page_id=4268#primaryimage"},"thumbnailUrl":"http:\/\/kettibuenoferrer.dk\/wp-content\/uploads\/2013\/07\/BOGEN_TOP_fotos.jpg","datePublished":"2013-07-31T20:35:55+00:00","dateModified":"2021-07-22T09:47:48+00:00","breadcrumb":{"@id":"https:\/\/kettibuenoferrer.dk\/?page_id=4268#breadcrumb"},"inLanguage":"da-DK","potentialAction":[{"@type":"ReadAction","target":["https:\/\/kettibuenoferrer.dk\/?page_id=4268"]}]},{"@type":"ImageObject","inLanguage":"da-DK","@id":"https:\/\/kettibuenoferrer.dk\/?page_id=4268#primaryimage","url":"https:\/\/kettibuenoferrer.dk\/wp-content\/uploads\/2013\/07\/BOGEN_TOP_fotos.jpg","contentUrl":"https:\/\/kettibuenoferrer.dk\/wp-content\/uploads\/2013\/07\/BOGEN_TOP_fotos.jpg","width":1000,"height":532},{"@type":"BreadcrumbList","@id":"https:\/\/kettibuenoferrer.dk\/?page_id=4268#breadcrumb","itemListElement":[{"@type":"ListItem","position":1,"name":"Hjem","item":"https:\/\/kettibuenoferrer.dk\/"},{"@type":"ListItem","position":2,"name":"Bogen"}]},{"@type":"WebSite","@id":"https:\/\/kettibuenoferrer.dk\/#website","url":"https:\/\/kettibuenoferrer.dk\/","name":"Ketti Bueno Ferrer","description":"Livets sovs","potentialAction":[{"@type":"SearchAction","target":{"@type":"EntryPoint","urlTemplate":"https:\/\/kettibuenoferrer.dk\/?s={search_term_string}"},"query-input":{"@type":"PropertyValueSpecification","valueRequired":true,"valueName":"search_term_string"}}],"inLanguage":"da-DK"}]}},"_links":{"self":[{"href":"https:\/\/kettibuenoferrer.dk\/index.php?rest_route=\/wp\/v2\/pages\/4268","targetHints":{"allow":["GET"]}}],"collection":[{"href":"https:\/\/kettibuenoferrer.dk\/index.php?rest_route=\/wp\/v2\/pages"}],"about":[{"href":"https:\/\/kettibuenoferrer.dk\/index.php?rest_route=\/wp\/v2\/types\/page"}],"author":[{"embeddable":true,"href":"https:\/\/kettibuenoferrer.dk\/index.php?rest_route=\/wp\/v2\/users\/2"}],"replies":[{"embeddable":true,"href":"https:\/\/kettibuenoferrer.dk\/index.php?rest_route=%2Fwp%2Fv2%2Fcomments&post=4268"}],"version-history":[{"count":9,"href":"https:\/\/kettibuenoferrer.dk\/index.php?rest_route=\/wp\/v2\/pages\/4268\/revisions"}],"predecessor-version":[{"id":5323,"href":"https:\/\/kettibuenoferrer.dk\/index.php?rest_route=\/wp\/v2\/pages\/4268\/revisions\/5323"}],"wp:attachment":[{"href":"https:\/\/kettibuenoferrer.dk\/index.php?rest_route=%2Fwp%2Fv2%2Fmedia&parent=4268"}],"curies":[{"name":"wp","href":"https:\/\/api.w.org\/{rel}","templated":true}]}}